{"id":2211,"date":"2025-05-09T07:51:10","date_gmt":"2025-05-09T07:51:10","guid":{"rendered":"https:\/\/www.weidmann-medical.com\/?page_id=2211"},"modified":"2026-03-11T19:54:07","modified_gmt":"2026-03-11T19:54:07","slug":"rfid","status":"publish","type":"page","link":"https:\/\/www.weidmann-medical.com\/de\/kompetenzen\/kunststoffspritzguss\/rfid\/","title":{"rendered":"Radio Frequenzy Identification (RFID)"},"content":{"rendered":"\n\n<div class=\"small-hero medical small-hero--style-1\">\n\n            <div class=\"small-hero-wrapper\">\n                            <img decoding=\"async\" class=\"small-hero-image medical\" src=\"\/wp-content\/themes\/weidmann-network\/0-weidmann-group\/resources\/assets\/src\/img\/style-1.svg\" alt=\"\">\n                                        \n\n<h2 class=\"wp-block-heading\">Radio Frequency Identification (RFID)<\/h2>\n\n\n\n<p><\/p>\n\n\n                    <\/div>\n    \n<\/div>\n\n    <div class=\"sub-navigation is-overlapped\">\n        <ul class=\"sub-navigation-menu\">\n                            <li class=\"sub-navigation-menu-item \">\n                                            <a href=\"https:\/\/www.weidmann-medical.com\/de\/kompetenzen\/produktdesign-und-entwicklung\/\">\n                            Produktdesign und -entwicklung                        <\/a>\n                                    <\/li>\n                            <li class=\"sub-navigation-menu-item current-page-item\">\n                                            <a href=\"https:\/\/www.weidmann-medical.com\/de\/kompetenzen\/kunststoffspritzguss\/\">\n                            <span>Kunststoffspritzguss<\/span>\n                        <\/a>\n                                    <\/li>\n                            <li class=\"sub-navigation-menu-item \">\n                                            <a href=\"https:\/\/www.weidmann-medical.com\/de\/kompetenzen\/werkzeugbau\/\">\n                            Werkzeugbau                        <\/a>\n                                    <\/li>\n                            <li class=\"sub-navigation-menu-item \">\n                                            <a href=\"https:\/\/www.weidmann-medical.com\/de\/kompetenzen\/automatisierung-und-montage\/\">\n                            Automatisierung und Montage                        <\/a>\n                                    <\/li>\n                            <li class=\"sub-navigation-menu-item \">\n                                            <a href=\"https:\/\/www.weidmann-medical.com\/de\/kompetenzen\/projekt-management\/\">\n                            Projekt Management                        <\/a>\n                                    <\/li>\n                            <li class=\"sub-navigation-menu-item \">\n                                            <a href=\"https:\/\/www.weidmann-medical.com\/de\/kompetenzen\/verpackung-und-logistik\/\">\n                            Verpackung und Logistik                        <\/a>\n                                    <\/li>\n                    <\/ul>\n    <\/div>\n\n<section class=\"wp-block-cite-wordpress-theme-section has-overlapping-decoration-none has-0-padding-y-top has-0-padding-y-bottom\"><div class=\"theme-section-inner container\"><div class=\"yoast-breadcrumbs\"><span><a href=\"https:\/\/www.weidmann-medical.com\/de\/\"><svg xmlns=\"http:\/\/www.w3.org\/2000\/svg\" width=\"11\" height=\"10\" viewBox=\"0 0 11 10\" fill=\"none\">\n<path d=\"M10.9971 4.98926C10.9971 5.34075 10.7106 5.61609 10.3859 5.61609H9.77459L9.78797 8.74439C9.78797 8.79711 9.78415 8.84983 9.77841 8.90256V9.2189C9.77841 9.65046 9.43649 10 9.01433 10H8.70869C8.68768 10 8.66667 10 8.64565 9.99805C8.61891 10 8.59217 10 8.56542 10L7.9446 9.99805H7.48615C7.06399 9.99805 6.72206 9.64851 6.72206 9.21695V7.49854C6.72206 7.1529 6.4489 6.87366 6.11079 6.87366H4.88825C4.55014 6.87366 4.27698 7.1529 4.27698 7.49854V9.21695C4.27698 9.64851 3.93505 9.99805 3.51289 9.99805H2.44508C2.41643 9.99805 2.38777 9.99609 2.35912 9.99414C2.3362 9.99609 2.31328 9.99805 2.29035 9.99805H1.98472C1.56256 9.99805 1.22063 9.64851 1.22063 9.21695V7.02988C1.22063 7.0123 1.22063 6.99278 1.22254 6.9752V5.61414H0.61127C0.267431 5.61414 0 5.34075 0 4.98731C0 4.81156 0.0573066 4.65534 0.191022 4.51865L5.08692 0.156219C5.22063 0.0195274 5.37345 0 5.50716 0C5.64088 0 5.7937 0.0390549 5.90831 0.136692L10.787 4.5206C10.9398 4.65729 11.0162 4.81351 10.9971 4.98926Z\" fill=\"#DF3011\"\/>\n<\/svg><\/a> > <span><a href=\"https:\/\/www.weidmann-medical.com\/de\/capabilities\/\">Kompetenzen<\/a><\/span> > <span><a href=\"https:\/\/www.weidmann-medical.com\/de\/capabilities\/injection-molding\/\">Kunststoffspritzguss<\/a><\/span> > <span class=\"breadcrumb_last\" aria-current=\"page\">Radio Frequenzy Identification (RFID)<\/span><\/span><\/div><\/div><\/section>\n\n<section class=\"wp-block-cite-wordpress-theme-section has-overlapping-decoration-none has-7-padding-y-top has-4-padding-y-bottom\"><div class=\"theme-section-inner container\">\n<div class=\"wp-block-columns is-layout-flex wp-container-core-columns-is-layout-9d6595d7 wp-block-columns-is-layout-flex\">\n<div class=\"wp-block-column is-layout-flow wp-block-column-is-layout-flow\" style=\"flex-basis:66.66%\">\n<h2 class=\"wp-block-cite-wordpress-theme-heading has-mb-spacing-38 has-h2-font-size\" id=\"seamless-rfid-integration-during-injection-molding\">Nahtlose RFID-Integration im Spritzguss<\/h2>\n\n\n\n<p>Die Produktkennzeichnung und die Nachverfolgung von Umgebungsbedingungen gewinnen in der Laborautomation und Diagnostik zunehmend an Bedeutung. Mit RFID-Inlays k\u00f6nnen Sie wichtige Produktinformationen \u00fcber den gesamten Lebenszyklus hinweg speichern, aktualisieren und abrufen \u2013 f\u00fcr eine verbesserte R\u00fcckverfolgbarkeit und ein optimiertes Datenmanagement. <\/p>\n\n\n\n<p>Bei Weidmann Medical lassen sich RFID-Inlays flexibel an jedem gew\u00fcnschten Punkt des Produkts platzieren oder nahtlos w\u00e4hrend des Spritzgussprozesses in Kunststoff einbetten. Unsere propriet\u00e4re Technologie erm\u00f6glicht die teilweise oder vollst\u00e4ndige Umschlie\u00dfung von RFID-Tags und -Chips, sch\u00fctzt die empfindliche Elektronik und unterst\u00fctzt die R\u00fcckverfolgbarkeit von Einwegmaterialien \u2013 ein wichtiger Beitrag zur Einhaltung strenger regulatorischer Anforderungen wie den FDA-Richtlinien. <\/p>\n\n\n\n<p>Wir bieten zwei spezialisierte Verfahren an: Beim Overmold-Verfahren wird das Inlay vollst\u00e4ndig umschlossen, um maximalen Schutz vor mechanischer Belastung zu gew\u00e4hrleisten. Beim Inmold-Verfahren wird das gr\u00f6\u00dfere Inlay durch ein Hinterspritzverfahren gesichert \u2013 ideal f\u00fcr Anwendungen mit geringerer mechanischer Beanspruchung.<\/p>\n<\/div>\n\n\n\n<div class=\"wp-block-column is-layout-flow wp-block-column-is-layout-flow\" style=\"flex-basis:33.33%\"><\/div>\n<\/div>\n<\/div><\/section>\n\n<section class=\"wp-block-cite-wordpress-theme-section has-pale-blue-base-background-color has-background has-overlapping-decoration-none has-0-padding-y-top has-0-padding-y-bottom\"><div class=\"theme-section-inner container\">\n<div class=\"wp-block-cite-wordpress-theme-alternating-columns\">\n<div class=\"wp-block-cite-wordpress-theme-alternating-column image-text has-image \">\n\n    \n        <div class=\"column-media align-items-center justify-content-center\">\n                                            <img decoding=\"async\" src=\"https:\/\/www.weidmann-medical.com\/wp-content\/uploads\/sites\/3\/2025\/04\/RFID-Headerbild-Weitwinkel-2_Web.jpeg\" alt=\"\"\n                     style=\"object-position: 35% 5%;\">\n                    <\/div>\n\n    \n    <div class=\"column-content d-flex align-items-center justify-content-center\">\n        <div>\n            \n\n<h2 class=\"wp-block-heading\">Eingebaute RFID f\u00fcr intelligente Produkte<\/h2>\n\n\n\n<p><\/p>\n\n\n\n<ul class=\"wp-block-list has-styled-checkmarks mb-5\">\n<li>Nahtlose Produktkennzeichnung und R\u00fcckverfolgbarkeit<\/li>\n\n\n\n<li>Integrierte Datenspeicherung \u00fcber den gesamten Produktlebenszyklus<\/li>\n\n\n\n<li>Unterst\u00fctzung von Temperatur- und Feuchtigkeits\u00fcberwachung<\/li>\n\n\n\n<li>Verbesserte Patientensicherheit und Therapieergebnisse<\/li>\n\n\n\n<li>Ideal f\u00fcr Autoinjektoren, Fertigspritzen, Kartuschen und Patch-Pumpen<\/li>\n<\/ul>\n\n        <\/div>\n    <\/div>\n\n<\/div>\n<\/div>\n<\/div><\/section>\n\n<section class=\"wp-block-cite-wordpress-theme-section has-weidmann-white-base-background-color has-background has-overlapping-decoration-none has-8-padding-y-top has-8-padding-y-bottom\"><div class=\"theme-section-inner container\">\n<h3 class=\"wp-block-cite-wordpress-theme-heading has-mb-spacing-54 has-h3-font-size\" id=\"curious-about-how-rfid-can-be-used\">Neugierig, wie Sie RFID einsetzen k\u00f6nnen?<\/h3>\n\n\n\n\n\n<ul class=\"contact-a-person-cards-grid\">\n            <li class=\"contact-a-person-card\">\n            <figure>\n                <img decoding=\"async\" src=\"https:\/\/www.weidmann-medical.com\/wp-content\/uploads\/sites\/3\/2025\/04\/Daniel-Marty_web.jpg\"\n                     alt=\"\">\n            <\/figure>\n            <div class=\"contact-a-person-card-body\">\n                                    <h2 class=\"contact-a-person-card-name\">Daniel Marty<\/h2>\n                                                    <div class=\"contact-a-person-card-text\">\n                        <p>Leiter Technik<\/p>\n                    <\/div>\n                                                    <div class=\"card-link-container\">\n                                                                                    <div class=\"wp-block-weidmann-link-container\">\n                                    <div class=\"wp-block-weidmann-link primary\">\n                                        <a href=\"mailto: daniel.marty@weidmann-group.com\"\n                                           target=\"_blank\"\n                                           class=\"wp-block-link-target\">E-Mail<\/a>\n                                        <svg width=\"26\" height=\"16\" viewBox=\"0 0 26 16\" fill=\"none\"\n                                             xmlns=\"http:\/\/www.w3.org\/2000\/svg\">\n                                            <path d=\"M1 7C0.447715 7 4.82823e-08 7.44772 0 8C-4.82823e-08 8.55228 0.447715 9 1 9L1 7ZM25.7071 8.70711C26.0976 8.31658 26.0976 7.68342 25.7071 7.2929L19.3431 0.928934C18.9526 0.538409 18.3195 0.538409 17.9289 0.928934C17.5384 1.31946 17.5384 1.95262 17.9289 2.34315L23.5858 8L17.9289 13.6569C17.5384 14.0474 17.5384 14.6805 17.9289 15.0711C18.3195 15.4616 18.9526 15.4616 19.3431 15.0711L25.7071 8.70711ZM1 9L25 9L25 7L1 7L1 9Z\"\n                                                  fill=\"none\"\/>\n                                        <\/svg>\n                                    <\/div>\n                                <\/div>\n                                                    \n                                                                                    <div class=\"wp-block-weidmann-link-container\">\n                                    <div class=\"wp-block-weidmann-link primary\">\n                                        <a href=\"https:\/\/www.linkedin.com\/in\/daniel-marty-8b01a1281\/\"\n                                           class=\"wp-block-link-target\">LinkedIn<\/a>\n                                        <svg width=\"26\" height=\"16\" viewBox=\"0 0 26 16\" fill=\"none\"\n                                             xmlns=\"http:\/\/www.w3.org\/2000\/svg\">\n                                            <path d=\"M1 7C0.447715 7 4.82823e-08 7.44772 0 8C-4.82823e-08 8.55228 0.447715 9 1 9L1 7ZM25.7071 8.70711C26.0976 8.31658 26.0976 7.68342 25.7071 7.2929L19.3431 0.928934C18.9526 0.538409 18.3195 0.538409 17.9289 0.928934C17.5384 1.31946 17.5384 1.95262 17.9289 2.34315L23.5858 8L17.9289 13.6569C17.5384 14.0474 17.5384 14.6805 17.9289 15.0711C18.3195 15.4616 18.9526 15.4616 19.3431 15.0711L25.7071 8.70711ZM1 9L25 9L25 7L1 7L1 9Z\"\n                                                  fill=\"none\"\/>\n                                        <\/svg>\n                                    <\/div>\n                                <\/div>\n                                                                        <\/div>\n                            <\/div>\n        <\/li>\n    <\/ul>\n<\/div><\/section>\n\n<section class=\"wp-block-cite-wordpress-theme-section has-pale-blue-base-background-color has-background has-overlapping-decoration-none has-8-padding-y-top has-8-padding-y-bottom\"><div class=\"theme-section-inner container\">\n<h2 class=\"wp-block-cite-wordpress-theme-heading has-mb-spacing-54 has-md-font-size\" id=\"latest-from-weidmann\">Aktuelles von Weidmann<\/h2>\n\n\n<\/div><\/section>\n\n<p><\/p>\n","protected":false},"excerpt":{"rendered":"","protected":false},"author":12,"featured_media":0,"parent":1808,"menu_order":0,"comment_status":"closed","ping_status":"closed","template":"","meta":{"_acf_changed":false,"footnotes":""},"class_list":["post-2211","page","type-page","status-publish","hentry"],"acf":[],"yoast_head":"<!-- This site is optimized with the Yoast SEO plugin v27.4 - https:\/\/yoast.com\/product\/yoast-seo-wordpress\/ -->\n<title>Radio Frequenzy Identification (RFID) - Weidmann Medical Technology<\/title>\n<meta name=\"robots\" content=\"index, follow, max-snippet:-1, max-image-preview:large, max-video-preview:-1\" \/>\n<link rel=\"canonical\" href=\"https:\/\/www.weidmann-medical.com\/de\/kompetenzen\/kunststoffspritzguss\/rfid\/\" \/>\n<meta property=\"og:locale\" content=\"de_DE\" \/>\n<meta property=\"og:type\" content=\"article\" \/>\n<meta property=\"og:title\" content=\"Radio Frequenzy Identification (RFID) - Weidmann Medical Technology\" \/>\n<meta property=\"og:url\" content=\"https:\/\/www.weidmann-medical.com\/de\/kompetenzen\/kunststoffspritzguss\/rfid\/\" \/>\n<meta property=\"og:site_name\" content=\"Weidmann Medical Technology\" \/>\n<meta property=\"article:modified_time\" content=\"2026-03-11T19:54:07+00:00\" \/>\n<meta name=\"twitter:card\" content=\"summary_large_image\" \/>\n<meta name=\"twitter:label1\" content=\"Est. reading time\" \/>\n\t<meta name=\"twitter:data1\" content=\"1 Minute\" \/>\n<script type=\"application\/ld+json\" class=\"yoast-schema-graph\">{\"@context\":\"https:\\\/\\\/schema.org\",\"@graph\":[{\"@type\":\"WebPage\",\"@id\":\"https:\\\/\\\/www.weidmann-medical.com\\\/de\\\/kompetenzen\\\/kunststoffspritzguss\\\/rfid\\\/\",\"url\":\"https:\\\/\\\/www.weidmann-medical.com\\\/de\\\/kompetenzen\\\/kunststoffspritzguss\\\/rfid\\\/\",\"name\":\"Radio Frequenzy Identification (RFID) - Weidmann Medical Technology\",\"isPartOf\":{\"@id\":\"https:\\\/\\\/www.weidmann-medical.com\\\/de\\\/#website\"},\"datePublished\":\"2025-05-09T07:51:10+00:00\",\"dateModified\":\"2026-03-11T19:54:07+00:00\",\"breadcrumb\":{\"@id\":\"https:\\\/\\\/www.weidmann-medical.com\\\/de\\\/kompetenzen\\\/kunststoffspritzguss\\\/rfid\\\/#breadcrumb\"},\"inLanguage\":\"de-DE\",\"potentialAction\":[{\"@type\":\"ReadAction\",\"target\":[\"https:\\\/\\\/www.weidmann-medical.com\\\/de\\\/kompetenzen\\\/kunststoffspritzguss\\\/rfid\\\/\"]}]},{\"@type\":\"BreadcrumbList\",\"@id\":\"https:\\\/\\\/www.weidmann-medical.com\\\/de\\\/kompetenzen\\\/kunststoffspritzguss\\\/rfid\\\/#breadcrumb\",\"itemListElement\":[{\"@type\":\"ListItem\",\"position\":1,\"name\":\"Home\",\"item\":\"https:\\\/\\\/www.weidmann-medical.com\\\/de\\\/\"},{\"@type\":\"ListItem\",\"position\":2,\"name\":\"Kompetenzen\",\"item\":\"https:\\\/\\\/www.weidmann-medical.com\\\/de\\\/capabilities\\\/\"},{\"@type\":\"ListItem\",\"position\":3,\"name\":\"Kunststoffspritzguss\",\"item\":\"https:\\\/\\\/www.weidmann-medical.com\\\/de\\\/capabilities\\\/injection-molding\\\/\"},{\"@type\":\"ListItem\",\"position\":4,\"name\":\"Radio Frequenzy Identification (RFID)\"}]},{\"@type\":\"WebSite\",\"@id\":\"https:\\\/\\\/www.weidmann-medical.com\\\/de\\\/#website\",\"url\":\"https:\\\/\\\/www.weidmann-medical.com\\\/de\\\/\",\"name\":\"Weidmann Medical\",\"description\":\"\",\"potentialAction\":[{\"@type\":\"SearchAction\",\"target\":{\"@type\":\"EntryPoint\",\"urlTemplate\":\"https:\\\/\\\/www.weidmann-medical.com\\\/de\\\/?s={search_term_string}\"},\"query-input\":{\"@type\":\"PropertyValueSpecification\",\"valueRequired\":true,\"valueName\":\"search_term_string\"}}],\"inLanguage\":\"de-DE\"}]}<\/script>\n<!-- \/ Yoast SEO plugin. -->","yoast_head_json":{"title":"Radio Frequenzy Identification (RFID) - Weidmann Medical Technology","robots":{"index":"index","follow":"follow","max-snippet":"max-snippet:-1","max-image-preview":"max-image-preview:large","max-video-preview":"max-video-preview:-1"},"canonical":"https:\/\/www.weidmann-medical.com\/de\/kompetenzen\/kunststoffspritzguss\/rfid\/","og_locale":"de_DE","og_type":"article","og_title":"Radio Frequenzy Identification (RFID) - Weidmann Medical Technology","og_url":"https:\/\/www.weidmann-medical.com\/de\/kompetenzen\/kunststoffspritzguss\/rfid\/","og_site_name":"Weidmann Medical Technology","article_modified_time":"2026-03-11T19:54:07+00:00","twitter_card":"summary_large_image","twitter_misc":{"Est. reading time":"1 Minute"},"schema":{"@context":"https:\/\/schema.org","@graph":[{"@type":"WebPage","@id":"https:\/\/www.weidmann-medical.com\/de\/kompetenzen\/kunststoffspritzguss\/rfid\/","url":"https:\/\/www.weidmann-medical.com\/de\/kompetenzen\/kunststoffspritzguss\/rfid\/","name":"Radio Frequenzy Identification (RFID) - Weidmann Medical Technology","isPartOf":{"@id":"https:\/\/www.weidmann-medical.com\/de\/#website"},"datePublished":"2025-05-09T07:51:10+00:00","dateModified":"2026-03-11T19:54:07+00:00","breadcrumb":{"@id":"https:\/\/www.weidmann-medical.com\/de\/kompetenzen\/kunststoffspritzguss\/rfid\/#breadcrumb"},"inLanguage":"de-DE","potentialAction":[{"@type":"ReadAction","target":["https:\/\/www.weidmann-medical.com\/de\/kompetenzen\/kunststoffspritzguss\/rfid\/"]}]},{"@type":"BreadcrumbList","@id":"https:\/\/www.weidmann-medical.com\/de\/kompetenzen\/kunststoffspritzguss\/rfid\/#breadcrumb","itemListElement":[{"@type":"ListItem","position":1,"name":"Home","item":"https:\/\/www.weidmann-medical.com\/de\/"},{"@type":"ListItem","position":2,"name":"Kompetenzen","item":"https:\/\/www.weidmann-medical.com\/de\/capabilities\/"},{"@type":"ListItem","position":3,"name":"Kunststoffspritzguss","item":"https:\/\/www.weidmann-medical.com\/de\/capabilities\/injection-molding\/"},{"@type":"ListItem","position":4,"name":"Radio Frequenzy Identification (RFID)"}]},{"@type":"WebSite","@id":"https:\/\/www.weidmann-medical.com\/de\/#website","url":"https:\/\/www.weidmann-medical.com\/de\/","name":"Weidmann Medical","description":"","potentialAction":[{"@type":"SearchAction","target":{"@type":"EntryPoint","urlTemplate":"https:\/\/www.weidmann-medical.com\/de\/?s={search_term_string}"},"query-input":{"@type":"PropertyValueSpecification","valueRequired":true,"valueName":"search_term_string"}}],"inLanguage":"de-DE"}]}},"_links":{"self":[{"href":"https:\/\/www.weidmann-medical.com\/de\/wp-json\/wp\/v2\/pages\/2211","targetHints":{"allow":["GET"]}}],"collection":[{"href":"https:\/\/www.weidmann-medical.com\/de\/wp-json\/wp\/v2\/pages"}],"about":[{"href":"https:\/\/www.weidmann-medical.com\/de\/wp-json\/wp\/v2\/types\/page"}],"author":[{"embeddable":true,"href":"https:\/\/www.weidmann-medical.com\/de\/wp-json\/wp\/v2\/users\/12"}],"replies":[{"embeddable":true,"href":"https:\/\/www.weidmann-medical.com\/de\/wp-json\/wp\/v2\/comments?post=2211"}],"version-history":[{"count":0,"href":"https:\/\/www.weidmann-medical.com\/de\/wp-json\/wp\/v2\/pages\/2211\/revisions"}],"up":[{"embeddable":true,"href":"https:\/\/www.weidmann-medical.com\/de\/wp-json\/wp\/v2\/pages\/1808"}],"wp:attachment":[{"href":"https:\/\/www.weidmann-medical.com\/de\/wp-json\/wp\/v2\/media?parent=2211"}],"curies":[{"name":"wp","href":"https:\/\/api.w.org\/{rel}","templated":true}]}}