{"id":1820,"date":"2025-04-01T14:37:00","date_gmt":"2025-04-01T14:37:00","guid":{"rendered":"https:\/\/www.weidmann-medical.com\/why-choose-us\/quality\/"},"modified":"2026-04-14T07:48:34","modified_gmt":"2026-04-14T07:48:34","slug":"qualitaet","status":"publish","type":"page","link":"https:\/\/www.weidmann-medical.com\/de\/leistungen\/qualitaet\/","title":{"rendered":"Qualit\u00e4t"},"content":{"rendered":"\n\n<div class=\"small-hero medical small-hero--style-1\">\n\n            <div class=\"small-hero-wrapper\">\n                            <img decoding=\"async\" class=\"small-hero-image medical\" src=\"\/wp-content\/themes\/weidmann-network\/0-weidmann-group\/resources\/assets\/src\/img\/style-1.svg\" alt=\"\">\n                                        \n\n<h1 class=\"wp-block-heading\">Qualit\u00e4t<br><\/h1>\n\n\n\n<p><\/p>\n\n\n                    <\/div>\n    \n<\/div>\n\n\n\n    <div class=\"sub-navigation is-overlapped\">\n        <ul class=\"sub-navigation-menu\">\n                            <li class=\"sub-navigation-menu-item current-page-item\">\n                                            <a href=\"https:\/\/www.weidmann-medical.com\/de\/leistungen\/qualitaet\/\">\n                            <span>Qualit\u00e4t<\/span>\n                        <\/a>\n                                    <\/li>\n                            <li class=\"sub-navigation-menu-item \">\n                                            <a href=\"https:\/\/www.weidmann-medical.com\/de\/leistungen\/fachwissen-und-effizienz\/\">\n                            Fachwissen und Effizienz                        <\/a>\n                                    <\/li>\n                            <li class=\"sub-navigation-menu-item \">\n                                            <a href=\"https:\/\/www.weidmann-medical.com\/de\/leistungen\/kundenbetreuung\/\">\n                            Kundenbetreuung                        <\/a>\n                                    <\/li>\n                            <li class=\"sub-navigation-menu-item \">\n                                            <a href=\"https:\/\/www.weidmann-medical.com\/de\/leistungen\/globale-praesenz\/\">\n                            Globale Pr\u00e4senz                        <\/a>\n                                    <\/li>\n                    <\/ul>\n    <\/div>\n\n\n\n<section class=\"wp-block-cite-wordpress-theme-section has-overlapping-decoration-none has-0-padding-y-top has-0-padding-y-bottom\"><div class=\"theme-section-inner container\"><div class=\"yoast-breadcrumbs\"><span><a href=\"https:\/\/www.weidmann-medical.com\/de\/\"><svg xmlns=\"http:\/\/www.w3.org\/2000\/svg\" width=\"11\" height=\"10\" viewBox=\"0 0 11 10\" fill=\"none\">\n<path d=\"M10.9971 4.98926C10.9971 5.34075 10.7106 5.61609 10.3859 5.61609H9.77459L9.78797 8.74439C9.78797 8.79711 9.78415 8.84983 9.77841 8.90256V9.2189C9.77841 9.65046 9.43649 10 9.01433 10H8.70869C8.68768 10 8.66667 10 8.64565 9.99805C8.61891 10 8.59217 10 8.56542 10L7.9446 9.99805H7.48615C7.06399 9.99805 6.72206 9.64851 6.72206 9.21695V7.49854C6.72206 7.1529 6.4489 6.87366 6.11079 6.87366H4.88825C4.55014 6.87366 4.27698 7.1529 4.27698 7.49854V9.21695C4.27698 9.64851 3.93505 9.99805 3.51289 9.99805H2.44508C2.41643 9.99805 2.38777 9.99609 2.35912 9.99414C2.3362 9.99609 2.31328 9.99805 2.29035 9.99805H1.98472C1.56256 9.99805 1.22063 9.64851 1.22063 9.21695V7.02988C1.22063 7.0123 1.22063 6.99278 1.22254 6.9752V5.61414H0.61127C0.267431 5.61414 0 5.34075 0 4.98731C0 4.81156 0.0573066 4.65534 0.191022 4.51865L5.08692 0.156219C5.22063 0.0195274 5.37345 0 5.50716 0C5.64088 0 5.7937 0.0390549 5.90831 0.136692L10.787 4.5206C10.9398 4.65729 11.0162 4.81351 10.9971 4.98926Z\" fill=\"#DF3011\"\/>\n<\/svg><\/a> > <span><a href=\"https:\/\/www.weidmann-medical.com\/de\/why-choose-us\/\">Leistungen<\/a><\/span> > <span class=\"breadcrumb_last\" aria-current=\"page\">Qualit\u00e4t<\/span><\/span><\/div><\/div><\/section>\n\n\n\n<section class=\"wp-block-cite-wordpress-theme-section has-overlapping-decoration-none has-7-padding-y-top has-7-padding-y-bottom\"><div class=\"theme-section-inner container\">\n<div class=\"wp-block-columns is-layout-flex wp-container-core-columns-is-layout-9d6595d7 wp-block-columns-is-layout-flex\">\n<div class=\"wp-block-column is-layout-flow wp-block-column-is-layout-flow\" style=\"flex-basis:66.66%\">\n<h2 class=\"wp-block-cite-wordpress-theme-heading has-mb-spacing-38 has-h2-font-size\" id=\"swiss-precision-trusted-quality\">Schweizer Pr\u00e4zision,<br>zuverl\u00e4ssige Qualit\u00e4t<\/h2>\n\n\n\n<p>Bei Weidmann Medical steht Qualit\u00e4t im Mittelpunkt unseres Handelns. Zertifiziert nach ISO 13485 und FDA-gelistet liefern wir konsistente, konforme L\u00f6sungen. Von komplexen Neuentwicklungen bis zu Transferwerkzeugen sichern unsere erfahrenen Teams und strenge Qualit\u00e4tssysteme Zuverl\u00e4ssigkeit, Sicherheit und Leistungsf\u00e4higkeit \u2013 und erf\u00fcllen so die hohen Erwartungen der globalen Medizin- und Pharmaindustrie.  <\/p>\n<\/div>\n\n\n\n<div class=\"wp-block-column is-layout-flow wp-block-column-is-layout-flow\" style=\"flex-basis:33.33%\"><\/div>\n<\/div>\n<\/div><\/section>\n\n\n\n<section class=\"wp-block-cite-wordpress-theme-section has-pale-blue-base-background-color has-background has-overlapping-decoration-none has-0-padding-y-top has-0-padding-y-bottom\"><div class=\"theme-section-inner container\">\n<div class=\"wp-block-cite-wordpress-theme-alternating-columns\">\n<div class=\"wp-block-cite-wordpress-theme-alternating-column image-text has-image \">\n\n    \n        <div class=\"column-media align-items-center justify-content-center\">\n                                            <img decoding=\"async\" src=\"https:\/\/www.weidmann-medical.com\/wp-content\/uploads\/sites\/3\/2025\/05\/250212_2136_HOLLIS-TIF-30065289694_1600x1200-med-copy.jpg\" alt=\"\"\n                     style=\"object-position: % %;\">\n                    <\/div>\n\n    \n    <div class=\"column-content d-flex align-items-center justify-content-center\">\n        <div>\n            \n\n<h3 class=\"wp-block-heading\">Exzellenz in <br>jeder Interaktion<\/h3>\n\n\n\n<p>Bei Weidmann Medical ist Qualit\u00e4t ein wesentlicher Bestandteil jeder Kundeninteraktion. Unser ISO 13485-zertifiziertes Qualit\u00e4tsmanagementsystem und unsere FDA-gelisteten Produktionsst\u00e4tten stellen sicher, dass wir die strengen Anforderungen der Medizin- und Pharmaindustrie erf\u00fcllen und \u00fcbertreffen. Wir legen Wert auf klare Kommunikation, proaktiven Support und gemeinsame Probleml\u00f6sungen, um zuverl\u00e4ssige, konforme L\u00f6sungen zu liefern, die auf die Bed\u00fcrfnisse jedes Kunden zugeschnitten sind.<br><br>  <\/p>\n\n        <\/div>\n    <\/div>\n\n<\/div>\n\n\n\n<div class=\"wp-block-cite-wordpress-theme-alternating-column image-text reverse has-image \">\n\n    \n        <div class=\"column-media align-items-center justify-content-center\">\n                                            <img decoding=\"async\" src=\"https:\/\/www.weidmann-medical.com\/wp-content\/uploads\/sites\/3\/2025\/04\/250212_2127_HOLLIS-TIF-30065289686_1600x1200_med.jpg\" alt=\"\"\n                     style=\"object-position: 50% 50%;\">\n                    <\/div>\n\n    \n    <div class=\"column-content d-flex align-items-center justify-content-center\">\n        <div>\n            \n\n<h3 class=\"wp-block-heading\">Produktion <br>und Prozesse<\/h3>\n\n\n\n<p>Unser Engagement f\u00fcr Qualit\u00e4t erstreckt sich \u00fcber alle Produktionsstufen. Wir arbeiten in Reinraumumgebungen der Klassen ISO 7 und 8 und f\u00fchren kontinuierliche Partikel- und mikrobiologische \u00dcberwachungen durch, um die Produktintegrit\u00e4t zu gew\u00e4hrleisten. Fortschrittliche Prozesskontrollen, darunter 100%iger Inline-Vision-Systeme und statistische Prozesskontrolle (SPC), sorgen f\u00fcr gleichbleibende Qualit\u00e4t. Jede Charge durchl\u00e4uft einen strengen Freigabeprozess, der von umfassenden Analysezertifikaten begleitet wird und die R\u00fcckverfolgbarkeit und Konformit\u00e4t garantiert.   <a href=\"https:\/\/www.smcltd.com\/white-papers\/keystodrivingconsistentquality\/?utm_source=chatgpt.com\" target=\"_blank\" rel=\"noreferrer noopener\"><\/a><\/p>\n\n        <\/div>\n    <\/div>\n\n<\/div>\n<\/div>\n<\/div><\/section>\n\n\n\n<div class=\"wp-block-columns is-layout-flex wp-container-core-columns-is-layout-9d6595d7 wp-block-columns-is-layout-flex\">\n<div class=\"wp-block-column is-layout-flow wp-block-column-is-layout-flow\" style=\"flex-basis:100%\">\n<section class=\"wp-block-cite-wordpress-theme-section has-overlapping-decoration-none has-7-padding-y-top has-7-padding-y-bottom\"><div class=\"theme-section-inner container\">\n<h3 class=\"wp-block-cite-wordpress-theme-heading has-mb-spacing-38 has-h3-font-size\" id=\"quality-management\">Qualit\u00e4tsmanagement<\/h3>\n\n\n\n<p>Wir praktizieren professionelle Managementprozesse und nutzen ein umfassendes Qualit\u00e4tsmanagementsystem:<\/p>\n\n\n\n<section class=\"wp-block-cite-wordpress-theme-section has-overlapping-decoration-none has-0-padding-y-top has-0-padding-y-bottom\"><div class=\"theme-section-inner container\">\n<ul class=\"wp-block-list has-styled-checkmarks mb-5\">\n<li><a href=\"https:\/\/www.weidmann-medical.com\/wp-content\/uploads\/sites\/3\/2026\/04\/279011-Weidmann-Medical-Technology-AG-CERTIFICATE-deutsch-2026-04-08-MP2016SCC.pdf\">Certified ISO 13485<\/a><\/li>\n\n\n\n<li>FDA-gelistet gemm\u00e4ss CFR820<\/li>\n\n\n\n<li>Projekt- und Herstellprozesse nach cGMP-Richtlinien<\/li>\n\n\n\n<li>Supply Risk Mitigation und Notfallplanung<\/li>\n\n\n\n<li>Erf\u00fcllung der SHE-, ROHS- und REACH-Normen<\/li>\n\n\n\n<li>Risk Management nach ISO 14971<\/li>\n\n\n\n<li>Integriertes CAPA- und Change Control-Systems<\/li>\n\n\n\n<li>Qualifizierung DQ, IQ, OQ, PQ und Validierungen<\/li>\n\n\n\n<li>Softwarevalidierung nach FDA, Part 11<\/li>\n\n\n\n<li>Design History Files (DHF) und Device Master Records (DMR)<\/li>\n<\/ul>\n<\/div><\/section>\n<\/div><\/section>\n<\/div>\n<\/div>\n\n\n\n<div class=\"wp-block-columns is-layout-flex wp-container-core-columns-is-layout-9d6595d7 wp-block-columns-is-layout-flex\">\n<div class=\"wp-block-column is-layout-flow wp-block-column-is-layout-flow\" style=\"flex-basis:100%\">\n\n<section class=\"wp-cite-wordpress-theme-section cta-strip-section \">\n    <div class=\"container theme-section-inner\">\n        <div class=\"cta-strip-content\">\n                            <h2 class=\"cta-strip-title\">M\u00f6chten Sie erfahren, wie wir Pr\u00e4zision und Konformit\u00e4t sicherstellen?<\/h2>\n            \n            <div class=\"cta-strip-cta-container\">\n                                    <div class=\"wp-block-weidmann-button-container\">\n                        <div class=\"wp-block-weidmann-button cta-strip-button secondary\">\n                            <a href=\"https:\/\/www.weidmann-medical.com\/de\/kontakt\/\"\n                               target=\"_blank\"\n                               class=\"wp-block-button-link cta-strip-button-link\">Sprechen Sie mit uns<\/a>\n                        <\/div>\n                    <\/div>\n                                            <\/div>\n        <\/div>\n    <\/div>\n<\/section>\n<\/div>\n<\/div>\n\n\n\n<section class=\"wp-block-cite-wordpress-theme-section has-pale-blue-base-background-color has-background has-overlapping-decoration-none has-8-padding-y-top has-8-padding-y-bottom\"><div class=\"theme-section-inner container\">\n<h2 class=\"wp-block-cite-wordpress-theme-heading has-mb-spacing-54 has-md-font-size\" id=\"latest-updates\">Aktuelles von Weidmann<\/h2>\n\n\n\n<div class=\"wp-block-cite-theme-dynamic-signposts three-columns\">\n\t<div class=\"dynamic-signposts-inner\">\n\t\t\n<div class=\"card-has-image\">\n    <div class=\"card signpost-card card-has-image\">\n                    <div class=\"card-images\">\n                <a href=\"https:\/\/www.weidmann-group.com\/de\/news\/weidmann-foundation-donation\/\"\n                   target=\"_blank\">\n                    <img loading=\"lazy\" decoding=\"async\" src=\"https:\/\/www.weidmann-medical.com\/wp-content\/uploads\/sites\/3\/2026\/02\/DG_SM_Rapperswil-Charity_740x510.jpg\" width=\"740\" height=\"510\" alt=\"\" class=\"img-fluid card-img-top card-img\">                <\/a>\n            <\/div>\n        \n        <div class=\"card-body\">\n            <li class=\"post-type\">\n                News                            <\/li>\n            <h3 class=\"signpost-card-heading\">\n                <a href=\"https:\/\/www.weidmann-group.com\/de\/news\/weidmann-foundation-donation\/ \"\n                   target=\"_blank\">\n                    Weidmann Group Raffle Proceeds to Benefit the Sternschnuppe Children&#8217;s Aid Foundation                <\/a>\n            <\/h3>\n\n                            <ul class=\"post-meta\">\n                                            <li class=\"post-meta-separator\"><\/li>\n                    \n                                            <li class=\"post-date\">05 Februar 2026<\/li>\n                                    <\/ul>\n                    <\/div>\n    <\/div>\n<\/div>\n\n<div class=\"card-has-image\">\n    <div class=\"card signpost-card card-has-image\">\n                    <div class=\"card-images\">\n                <a href=\"https:\/\/www.weidmann-medical.com\/de\/news\/lean-management-meets-digital-innovation\/\"\n                   target=\"_blank\">\n                    <img loading=\"lazy\" decoding=\"async\" src=\"https:\/\/www.weidmann-medical.com\/wp-content\/uploads\/sites\/3\/2025\/11\/Medical-Lean-Management-Meets-Digital-Innovation-740x510.jpg\" width=\"740\" height=\"510\" alt=\"Medical Lean Management Meets Digital Innovation\" class=\"img-fluid card-img-top card-img\">                <\/a>\n            <\/div>\n        \n        <div class=\"card-body\">\n            <li class=\"post-type\">\n                News                            <\/li>\n            <h3 class=\"signpost-card-heading\">\n                <a href=\"https:\/\/www.weidmann-medical.com\/de\/news\/lean-management-meets-digital-innovation\/ \"\n                   target=\"_blank\">\n                    Lean Management Meets Digital Innovation                <\/a>\n            <\/h3>\n\n                            <ul class=\"post-meta\">\n                                            <li class=\"post-meta-separator\"><\/li>\n                    \n                                            <li class=\"post-date\">27 November 2025<\/li>\n                                    <\/ul>\n                    <\/div>\n    <\/div>\n<\/div>\n\n<div class=\"card-has-image\">\n    <div class=\"card signpost-card card-has-image\">\n                    <div class=\"card-images\">\n                <a href=\"https:\/\/www.weidmann-medical.com\/de\/news\/weidmann-medical-webinar-lessons-from-25-years-experience-with-syringe-closures\/\"\n                   target=\"_blank\">\n                    <img loading=\"lazy\" decoding=\"async\" src=\"https:\/\/www.weidmann-medical.com\/wp-content\/uploads\/sites\/3\/2025\/11\/MT-Webinar_Artboard-5-740-w-x-510-h-New-Weidmann-Website-News-Thumbnail-scaled-V2-740x510.png\" width=\"740\" height=\"510\" alt=\"\" class=\"img-fluid card-img-top card-img\">                <\/a>\n            <\/div>\n        \n        <div class=\"card-body\">\n            <li class=\"post-type\">\n                News                            <\/li>\n            <h3 class=\"signpost-card-heading\">\n                <a href=\"https:\/\/www.weidmann-medical.com\/de\/news\/weidmann-medical-webinar-lessons-from-25-years-experience-with-syringe-closures\/ \"\n                   target=\"_blank\">\n                    Weidmann Medical Webinar | Lessons from 25 Years\u2019 Experience with Syringe Closures                <\/a>\n            <\/h3>\n\n                            <ul class=\"post-meta\">\n                                            <li class=\"post-meta-separator\"><\/li>\n                    \n                                            <li class=\"post-date\">21 November 2025<\/li>\n                                    <\/ul>\n                    <\/div>\n    <\/div>\n<\/div>\n\t<\/div>\n<\/div>\n\n<\/div><\/section>\n\n\n\n<p><\/p>\n","protected":false},"excerpt":{"rendered":"","protected":false},"author":7,"featured_media":0,"parent":1819,"menu_order":1,"comment_status":"closed","ping_status":"closed","template":"","meta":{"_acf_changed":false,"footnotes":""},"class_list":["post-1820","page","type-page","status-publish","hentry"],"acf":[],"yoast_head":"<!-- This site is optimized with the Yoast SEO plugin v27.3 - https:\/\/yoast.com\/product\/yoast-seo-wordpress\/ -->\n<title>Qualit\u00e4t - Weidmann Medical Technology<\/title>\n<meta name=\"robots\" content=\"index, follow, max-snippet:-1, max-image-preview:large, max-video-preview:-1\" \/>\n<link rel=\"canonical\" href=\"https:\/\/www.weidmann-medical.com\/de\/leistungen\/qualitaet\/\" \/>\n<meta property=\"og:locale\" content=\"de_DE\" \/>\n<meta property=\"og:type\" content=\"article\" \/>\n<meta property=\"og:title\" content=\"Qualit\u00e4t - Weidmann Medical Technology\" \/>\n<meta property=\"og:url\" content=\"https:\/\/www.weidmann-medical.com\/de\/leistungen\/qualitaet\/\" \/>\n<meta property=\"og:site_name\" content=\"Weidmann Medical Technology\" \/>\n<meta property=\"article:modified_time\" content=\"2026-04-14T07:48:34+00:00\" \/>\n<meta name=\"twitter:card\" content=\"summary_large_image\" \/>\n<meta name=\"twitter:label1\" content=\"Est. reading time\" \/>\n\t<meta name=\"twitter:data1\" content=\"2 Minuten\" \/>\n<script type=\"application\/ld+json\" class=\"yoast-schema-graph\">{\"@context\":\"https:\\\/\\\/schema.org\",\"@graph\":[{\"@type\":\"WebPage\",\"@id\":\"https:\\\/\\\/www.weidmann-medical.com\\\/de\\\/leistungen\\\/qualitaet\\\/\",\"url\":\"https:\\\/\\\/www.weidmann-medical.com\\\/de\\\/leistungen\\\/qualitaet\\\/\",\"name\":\"Qualit\u00e4t - Weidmann Medical Technology\",\"isPartOf\":{\"@id\":\"https:\\\/\\\/www.weidmann-medical.com\\\/de\\\/#website\"},\"datePublished\":\"2025-04-01T14:37:00+00:00\",\"dateModified\":\"2026-04-14T07:48:34+00:00\",\"breadcrumb\":{\"@id\":\"https:\\\/\\\/www.weidmann-medical.com\\\/de\\\/leistungen\\\/qualitaet\\\/#breadcrumb\"},\"inLanguage\":\"de-DE\",\"potentialAction\":[{\"@type\":\"ReadAction\",\"target\":[\"https:\\\/\\\/www.weidmann-medical.com\\\/de\\\/leistungen\\\/qualitaet\\\/\"]}]},{\"@type\":\"BreadcrumbList\",\"@id\":\"https:\\\/\\\/www.weidmann-medical.com\\\/de\\\/leistungen\\\/qualitaet\\\/#breadcrumb\",\"itemListElement\":[{\"@type\":\"ListItem\",\"position\":1,\"name\":\"Home\",\"item\":\"https:\\\/\\\/www.weidmann-medical.com\\\/de\\\/\"},{\"@type\":\"ListItem\",\"position\":2,\"name\":\"Leistungen\",\"item\":\"https:\\\/\\\/www.weidmann-medical.com\\\/de\\\/why-choose-us\\\/\"},{\"@type\":\"ListItem\",\"position\":3,\"name\":\"Qualit\u00e4t\"}]},{\"@type\":\"WebSite\",\"@id\":\"https:\\\/\\\/www.weidmann-medical.com\\\/de\\\/#website\",\"url\":\"https:\\\/\\\/www.weidmann-medical.com\\\/de\\\/\",\"name\":\"Weidmann Medical\",\"description\":\"\",\"potentialAction\":[{\"@type\":\"SearchAction\",\"target\":{\"@type\":\"EntryPoint\",\"urlTemplate\":\"https:\\\/\\\/www.weidmann-medical.com\\\/de\\\/?s={search_term_string}\"},\"query-input\":{\"@type\":\"PropertyValueSpecification\",\"valueRequired\":true,\"valueName\":\"search_term_string\"}}],\"inLanguage\":\"de-DE\"}]}<\/script>\n<!-- \/ Yoast SEO plugin. -->","yoast_head_json":{"title":"Qualit\u00e4t - Weidmann Medical Technology","robots":{"index":"index","follow":"follow","max-snippet":"max-snippet:-1","max-image-preview":"max-image-preview:large","max-video-preview":"max-video-preview:-1"},"canonical":"https:\/\/www.weidmann-medical.com\/de\/leistungen\/qualitaet\/","og_locale":"de_DE","og_type":"article","og_title":"Qualit\u00e4t - Weidmann Medical Technology","og_url":"https:\/\/www.weidmann-medical.com\/de\/leistungen\/qualitaet\/","og_site_name":"Weidmann Medical Technology","article_modified_time":"2026-04-14T07:48:34+00:00","twitter_card":"summary_large_image","twitter_misc":{"Est. reading time":"2 Minuten"},"schema":{"@context":"https:\/\/schema.org","@graph":[{"@type":"WebPage","@id":"https:\/\/www.weidmann-medical.com\/de\/leistungen\/qualitaet\/","url":"https:\/\/www.weidmann-medical.com\/de\/leistungen\/qualitaet\/","name":"Qualit\u00e4t - Weidmann Medical Technology","isPartOf":{"@id":"https:\/\/www.weidmann-medical.com\/de\/#website"},"datePublished":"2025-04-01T14:37:00+00:00","dateModified":"2026-04-14T07:48:34+00:00","breadcrumb":{"@id":"https:\/\/www.weidmann-medical.com\/de\/leistungen\/qualitaet\/#breadcrumb"},"inLanguage":"de-DE","potentialAction":[{"@type":"ReadAction","target":["https:\/\/www.weidmann-medical.com\/de\/leistungen\/qualitaet\/"]}]},{"@type":"BreadcrumbList","@id":"https:\/\/www.weidmann-medical.com\/de\/leistungen\/qualitaet\/#breadcrumb","itemListElement":[{"@type":"ListItem","position":1,"name":"Home","item":"https:\/\/www.weidmann-medical.com\/de\/"},{"@type":"ListItem","position":2,"name":"Leistungen","item":"https:\/\/www.weidmann-medical.com\/de\/why-choose-us\/"},{"@type":"ListItem","position":3,"name":"Qualit\u00e4t"}]},{"@type":"WebSite","@id":"https:\/\/www.weidmann-medical.com\/de\/#website","url":"https:\/\/www.weidmann-medical.com\/de\/","name":"Weidmann Medical","description":"","potentialAction":[{"@type":"SearchAction","target":{"@type":"EntryPoint","urlTemplate":"https:\/\/www.weidmann-medical.com\/de\/?s={search_term_string}"},"query-input":{"@type":"PropertyValueSpecification","valueRequired":true,"valueName":"search_term_string"}}],"inLanguage":"de-DE"}]}},"_links":{"self":[{"href":"https:\/\/www.weidmann-medical.com\/de\/wp-json\/wp\/v2\/pages\/1820","targetHints":{"allow":["GET"]}}],"collection":[{"href":"https:\/\/www.weidmann-medical.com\/de\/wp-json\/wp\/v2\/pages"}],"about":[{"href":"https:\/\/www.weidmann-medical.com\/de\/wp-json\/wp\/v2\/types\/page"}],"author":[{"embeddable":true,"href":"https:\/\/www.weidmann-medical.com\/de\/wp-json\/wp\/v2\/users\/7"}],"replies":[{"embeddable":true,"href":"https:\/\/www.weidmann-medical.com\/de\/wp-json\/wp\/v2\/comments?post=1820"}],"version-history":[{"count":4,"href":"https:\/\/www.weidmann-medical.com\/de\/wp-json\/wp\/v2\/pages\/1820\/revisions"}],"predecessor-version":[{"id":4788,"href":"https:\/\/www.weidmann-medical.com\/de\/wp-json\/wp\/v2\/pages\/1820\/revisions\/4788"}],"up":[{"embeddable":true,"href":"https:\/\/www.weidmann-medical.com\/de\/wp-json\/wp\/v2\/pages\/1819"}],"wp:attachment":[{"href":"https:\/\/www.weidmann-medical.com\/de\/wp-json\/wp\/v2\/media?parent=1820"}],"curies":[{"name":"wp","href":"https:\/\/api.w.org\/{rel}","templated":true}]}}