{"id":1815,"date":"2025-01-10T10:41:07","date_gmt":"2025-01-10T10:41:07","guid":{"rendered":"https:\/\/www.weidmann-medical.com\/markets\/diagnostics\/"},"modified":"2026-04-04T13:05:33","modified_gmt":"2026-04-04T13:05:33","slug":"diagnostik","status":"publish","type":"page","link":"https:\/\/www.weidmann-medical.com\/de\/maerkte\/diagnostik\/","title":{"rendered":"Diagnostik"},"content":{"rendered":"\n\n<div class=\"small-hero medical small-hero--Stil-2\">\n\n            <div class=\"small-hero-wrapper\">\n                            <img decoding=\"async\" class=\"small-hero-image medical\" src=\"\/wp-content\/themes\/weidmann-network\/0-weidmann-group\/resources\/assets\/src\/img\/style-2.svg\" alt=\"\">\n                                        \n\n<h1 class=\"wp-block-heading\">Diagnostik<\/h1>\n\n\n\n<p><\/p>\n\n\n                    <\/div>\n    \n<\/div>\n\n    <div class=\"sub-navigation is-overlapped\">\n        <ul class=\"sub-navigation-menu\">\n                            <li class=\"sub-navigation-menu-item \">\n                                            <a href=\"https:\/\/www.weidmann-medical.com\/de\/maerkte\/pharma\/\">\n                            Pharma                        <\/a>\n                                    <\/li>\n                            <li class=\"sub-navigation-menu-item current-page-item\">\n                                            <a href=\"https:\/\/www.weidmann-medical.com\/de\/maerkte\/diagnostik\/\">\n                            <span>Diagnostik<\/span>\n                        <\/a>\n                                    <\/li>\n                            <li class=\"sub-navigation-menu-item \">\n                                            <a href=\"https:\/\/www.weidmann-medical.com\/de\/maerkte\/medical-devices\/\">\n                            Medical Devices                        <\/a>\n                                    <\/li>\n                    <\/ul>\n    <\/div>\n\n<section class=\"wp-block-cite-wordpress-theme-section has-overlapping-decoration-none has-0-padding-y-top has-0-padding-y-bottom\"><div class=\"theme-section-inner container\"><div class=\"yoast-breadcrumbs\"><span><a href=\"https:\/\/www.weidmann-medical.com\/de\/\"><svg xmlns=\"http:\/\/www.w3.org\/2000\/svg\" width=\"11\" height=\"10\" viewBox=\"0 0 11 10\" fill=\"none\">\n<path d=\"M10.9971 4.98926C10.9971 5.34075 10.7106 5.61609 10.3859 5.61609H9.77459L9.78797 8.74439C9.78797 8.79711 9.78415 8.84983 9.77841 8.90256V9.2189C9.77841 9.65046 9.43649 10 9.01433 10H8.70869C8.68768 10 8.66667 10 8.64565 9.99805C8.61891 10 8.59217 10 8.56542 10L7.9446 9.99805H7.48615C7.06399 9.99805 6.72206 9.64851 6.72206 9.21695V7.49854C6.72206 7.1529 6.4489 6.87366 6.11079 6.87366H4.88825C4.55014 6.87366 4.27698 7.1529 4.27698 7.49854V9.21695C4.27698 9.64851 3.93505 9.99805 3.51289 9.99805H2.44508C2.41643 9.99805 2.38777 9.99609 2.35912 9.99414C2.3362 9.99609 2.31328 9.99805 2.29035 9.99805H1.98472C1.56256 9.99805 1.22063 9.64851 1.22063 9.21695V7.02988C1.22063 7.0123 1.22063 6.99278 1.22254 6.9752V5.61414H0.61127C0.267431 5.61414 0 5.34075 0 4.98731C0 4.81156 0.0573066 4.65534 0.191022 4.51865L5.08692 0.156219C5.22063 0.0195274 5.37345 0 5.50716 0C5.64088 0 5.7937 0.0390549 5.90831 0.136692L10.787 4.5206C10.9398 4.65729 11.0162 4.81351 10.9971 4.98926Z\" fill=\"#DF3011\"\/>\n<\/svg><\/a> > <span><a href=\"https:\/\/www.weidmann-medical.com\/de\/markets\/\">M\u00e4rkte<\/a><\/span> > <span class=\"breadcrumb_last\" aria-current=\"page\">Diagnostik<\/span><\/span><\/div><\/div><\/section>\n\n<section class=\"wp-block-cite-wordpress-theme-section has-overlapping-decoration-none has-7-padding-y-top has-4-padding-y-bottom\"><div class=\"theme-section-inner container\">\n<div class=\"wp-block-columns is-layout-flex wp-container-core-columns-is-layout-9d6595d7 wp-block-columns-is-layout-flex\">\n<div class=\"wp-block-column is-layout-flow wp-block-column-is-layout-flow\" style=\"flex-basis:66.66%\">\n<h2 class=\"wp-block-cite-wordpress-theme-heading has-mb-spacing-38 has-h2-font-size\" id=\"precision-components-for-diagnostic-systems\">Pr\u00e4zisionskomponenten <br>f\u00fcr Diagnosesysteme<\/h2>\n\n\n\n<p>Weidmann Medical fertigt hochpr\u00e4zise Komponenten f\u00fcr diagnostische Anwendungen wie PCR-Kartuschen und mikrofluidische Systeme. Mit mehr als 20 Jahren Erfahrung in der Abbildung fluidischer Strukturen in Kunststoff und deren Industrialisierung bieten wir Reinraumfertigung, Mehrkomponenten-Spritzguss und strenge Qualit\u00e4tskontrollen \u2013 f\u00fcr konstante Leistung und Probenintegrit\u00e4t \u00fcber verschiedene Diagnoseplattformen hinweg. <\/p>\n<\/div>\n\n\n\n<div class=\"wp-block-column is-layout-flow wp-block-column-is-layout-flow\" style=\"flex-basis:33.33%\"><\/div>\n<\/div>\n<\/div><\/section>\n\n<section class=\"wp-block-cite-wordpress-theme-section has-pale-blue-base-background-colo has-pale-blue-base-background-color has-background has-overlapping-decoration-none has-0-padding-y-top has-0-padding-y-bottom\"><div class=\"theme-section-inner container\">\n<div class=\"wp-block-cite-wordpress-theme-alternating-columns\">\n<div class=\"wp-block-cite-wordpress-theme-alternating-column image-text has-image \">\n\n    \n        <div class=\"column-media align-items-center justify-content-center\">\n                                            <img decoding=\"async\" src=\"https:\/\/www.weidmann-medical.com\/wp-content\/uploads\/sites\/3\/2025\/04\/E2G-Tray_05_Web.jpeg\" alt=\"\"\n                     style=\"object-position: % %;\">\n                    <\/div>\n\n    \n    <div class=\"column-content d-flex align-items-center justify-content-center\">\n        <div>\n            \n\n<h3 class=\"wp-block-heading\">Fortschrittliche Labordiagnostik<\/h3>\n\n\n\n<ul class=\"wp-block-list has-styled-checkmarks mb-5\">\n<li>Vollintegrierte Automatisierungszelle mit Spritzguss, Pr\u00fcfung und Set-Verpackung<\/li>\n\n\n\n<li>Mehrkavit\u00e4tenwerkzeug, Hochgeschwindigkeitszyklus<\/li>\n\n\n\n<li>\u00c4usserst enge Toleranzen<\/li>\n\n\n\n<li>&gt;2 Milliarden Einheiten pro Jahr<\/li>\n<\/ul>\n\n        <\/div>\n    <\/div>\n\n<\/div>\n\n\n\n<div class=\"wp-block-cite-wordpress-theme-alternating-column image-text reverse has-image \">\n\n    \n        <div class=\"column-media align-items-center justify-content-center\">\n                                            <img decoding=\"async\" src=\"https:\/\/www.weidmann-medical.com\/wp-content\/uploads\/sites\/3\/2025\/04\/Qiagen-Cartridge_04_Web.jpeg\" alt=\"\"\n                     style=\"object-position: % %;\">\n                    <\/div>\n\n    \n    <div class=\"column-content d-flex align-items-center justify-content-center\">\n        <div>\n            \n\n<h3 class=\"wp-block-heading\">Realtime <br\/>PCR Kartusche<\/h3>\n\n\n\n<ul class=\"wp-block-list has-styled-checkmarks mb-5\">\n<li>Mehrkomponenten-Spritzguss<\/li>\n\n\n\n<li>Integrierte Kammer und mikrofluidisches System<\/li>\n<\/ul>\n\n        <\/div>\n    <\/div>\n\n<\/div>\n<\/div>\n<\/div><\/section>\n\n\n<section class=\"wp-cite-wordpress-theme-section cta-strip-section \">\n    <div class=\"container theme-section-inner\">\n        <div class=\"cta-strip-content\">\n                            <h2 class=\"cta-strip-title\">Sprechen Sie mit unseren Experten<\/h2>\n            \n            <div class=\"cta-strip-cta-container\">\n                                    <div class=\"wp-block-weidmann-button-container\">\n                        <div class=\"wp-block-weidmann-button cta-strip-button secondary\">\n                            <a href=\"https:\/\/www.weidmann-medical.com\/contact-us\/ \"\n                               target=\"\"\n                               class=\"wp-block-button-link cta-strip-button-link\">Kontaktieren Sie uns<\/a>\n                        <\/div>\n                    <\/div>\n                                            <\/div>\n        <\/div>\n    <\/div>\n<\/section>\n\n<section class=\"wp-block-cite-wordpress-theme-section has-pale-blue-base-background-color has-background has-overlapping-decoration-none has-7-padding-y-top has-4-padding-y-bottom\"><div class=\"theme-section-inner container\">\n<h3 class=\"wp-block-cite-wordpress-theme-heading has-mb-spacing-54 has-h3-font-size\" id=\"our-process\">Unser Prozess<\/h3>\n\n\n\n    <div class=\"tabs\">\n        <div class=\"tabs-list\">\n                            <div class=\"tab-title-container active\"\n                     data-tab=\"tab-0\">\n                    <h2 class=\"tab-title\">\n                        Produktdesign                        <svg class=\"tab-accordion-icon\" width=\"20\" height=\"20\" viewBox=\"0 0 20 20\" fill=\"none\" xmlns=\"http:\/\/www.w3.org\/2000\/svg\">\n                            <path d=\"M18.456 9.97063H1.48542M9.9707 1.48535V18.4559\" stroke=\"#DF3011\" stroke-width=\"2\"\n                                  stroke-linecap=\"round\" stroke-linejoin=\"round\"\/>\n                        <\/svg>\n                    <\/h2>\n                <\/div>\n                            <div class=\"tab-title-container \"\n                     data-tab=\"tab-1\">\n                    <h2 class=\"tab-title\">\n                        Industrialisierung                        <svg class=\"tab-accordion-icon\" width=\"20\" height=\"20\" viewBox=\"0 0 20 20\" fill=\"none\" xmlns=\"http:\/\/www.w3.org\/2000\/svg\">\n                            <path d=\"M18.456 9.97063H1.48542M9.9707 1.48535V18.4559\" stroke=\"#DF3011\" stroke-width=\"2\"\n                                  stroke-linecap=\"round\" stroke-linejoin=\"round\"\/>\n                        <\/svg>\n                    <\/h2>\n                <\/div>\n                            <div class=\"tab-title-container \"\n                     data-tab=\"tab-2\">\n                    <h2 class=\"tab-title\">\n                        Prozess-Validierung                        <svg class=\"tab-accordion-icon\" width=\"20\" height=\"20\" viewBox=\"0 0 20 20\" fill=\"none\" xmlns=\"http:\/\/www.w3.org\/2000\/svg\">\n                            <path d=\"M18.456 9.97063H1.48542M9.9707 1.48535V18.4559\" stroke=\"#DF3011\" stroke-width=\"2\"\n                                  stroke-linecap=\"round\" stroke-linejoin=\"round\"\/>\n                        <\/svg>\n                    <\/h2>\n                <\/div>\n                            <div class=\"tab-title-container \"\n                     data-tab=\"tab-3\">\n                    <h2 class=\"tab-title\">\n                        Endverpackung und Logistik                        <svg class=\"tab-accordion-icon\" width=\"20\" height=\"20\" viewBox=\"0 0 20 20\" fill=\"none\" xmlns=\"http:\/\/www.w3.org\/2000\/svg\">\n                            <path d=\"M18.456 9.97063H1.48542M9.9707 1.48535V18.4559\" stroke=\"#DF3011\" stroke-width=\"2\"\n                                  stroke-linecap=\"round\" stroke-linejoin=\"round\"\/>\n                        <\/svg>\n                    <\/h2>\n                <\/div>\n                    <\/div>\n                    <div class=\"tab-text-area active\" id=\"tab-0\">\n                <div class=\"tab-text-area-wrapper\">\n                    <p>Weidmann Medical unterst\u00fctzt Sie bei allen Schritten der Produktentwicklung und erstellt parallel dazu gemeinsam mit Ihrem Team die User Requirement Specification (URS), die Risikomanagement-Dokumentation (FMEAs) und die Design History Files.<\/p>\n<p>Von einer einfachen Handskizze \u00fcber Konzeptstudien, Produktentwicklung und -design, Rapid Tooling und Prototyping bis hin zur Auswahl von Rohstoffen, der Konstruktion von Kavit\u00e4ten, der Herstellung von Werkzeugen und der Prozessentwicklung setzen wir modernste Technologien ein, wie z. B. 3-D-Modellierung \u00fcber CAD-CAM, Moldflow-Analyse sowie statische und dynamische Berechnungen f\u00fcr Teile- und Werkzeuglayouts.<\/p>\n                <\/div>\n            <\/div>\n                    <div class=\"tab-text-area \" id=\"tab-1\">\n                <div class=\"tab-text-area-wrapper\">\n                    <div class=\"\" data-block=\"true\" data-editor=\"3aqgv\" data-offset-key=\"83sme-0-0\">Nachdem die User Requirement Specification (URS) genehmigt wurde, entwickelt, produziert und industrialisiert Weidmann Medical Ihr(e) Produkt(e) gem\u00e4\u00df den cGMP-Richtlinien. Unsere Produktionstechnologien und Kontrollsysteme gew\u00e4hrleisten die vollst\u00e4ndige Reproduzierbarkeit des gesamten Produktionsprozesses. Durch den Einsatz modernster Spritzguss- und Automatisierungstechnologien entwickeln wir Produktionsverfahren, die eine Kombination aus Elastomeren und Nicht-Elastomeren verwenden.<\/div>\n                <\/div>\n            <\/div>\n                    <div class=\"tab-text-area \" id=\"tab-2\">\n                <div class=\"tab-text-area-wrapper\">\n                    <p>Alle Qualifizierungs- (DQ,IQ,OQ,PQ) und Validierungsprozesse entsprechen der ISO 13485 und sind seit 2003 von der DQS Agentur zertifiziert. Weidmann Medical wird von der FDA nach dem CFR820-Standard auditiert und ist seit 2013 FDA-registriert. Alle Cmk-, Cpk-, Cp- und AQL-Anforderungen werden erf\u00fcllt.  <\/p>\n                <\/div>\n            <\/div>\n                    <div class=\"tab-text-area \" id=\"tab-3\">\n                <div class=\"tab-text-area-wrapper\">\n                    <p>Ein ERP- und Lieferkettenmanagementsystem erm\u00f6glicht eine optimale logistische Struktur mit zentraler und lokaler Produktion. Die Lieferkette wird durch aktives Controlling st\u00e4ndig \u00fcberwacht, um Qualit\u00e4t und Liefertreue sicherzustellen, und durch unsere Lieferantenmanager optimiert. <\/p>\n                <\/div>\n            <\/div>\n            <\/div>\n<\/div><\/section>\n\n<section class=\"wp-block-cite-wordpress-theme-section has-pale-blue-base-background-color has-background has-overlapping-decoration-none has-8-padding-y-top has-8-padding-y-bottom\"><div class=\"theme-section-inner container\">\n<h2 class=\"wp-block-cite-wordpress-theme-heading has-mb-spacing-54 has-md-font-size\" id=\"latest-updates\">Aktuelles von Weidmann<\/h2>\n\n\n\n<div class=\"wp-block-cite-theme-dynamic-signposts three-columns\">\n\t<div class=\"dynamic-signposts-inner\">\n\t\t\n<div class=\"card-has-image\">\n    <div class=\"card signpost-card card-has-image\">\n                    <div class=\"card-images\">\n                <a href=\"https:\/\/www.weidmann-group.com\/de\/news\/weidmann-foundation-donation\/\"\n                   target=\"_blank\">\n                    <img loading=\"lazy\" decoding=\"async\" src=\"https:\/\/www.weidmann-medical.com\/wp-content\/uploads\/sites\/3\/2026\/02\/DG_SM_Rapperswil-Charity_740x510.jpg\" width=\"740\" height=\"510\" alt=\"\" class=\"img-fluid card-img-top card-img\">                <\/a>\n            <\/div>\n        \n        <div class=\"card-body\">\n            <li class=\"post-type\">\n                News                            <\/li>\n            <h3 class=\"signpost-card-heading\">\n                <a href=\"https:\/\/www.weidmann-group.com\/de\/news\/weidmann-foundation-donation\/ \"\n                   target=\"_blank\">\n                    Weidmann Group Raffle Proceeds to Benefit the Sternschnuppe Children&#8217;s Aid Foundation                <\/a>\n            <\/h3>\n\n                            <ul class=\"post-meta\">\n                                            <li class=\"post-meta-separator\"><\/li>\n                    \n                                            <li class=\"post-date\">05 Februar 2026<\/li>\n                                    <\/ul>\n                    <\/div>\n    <\/div>\n<\/div>\n\n<div class=\"card-has-image\">\n    <div class=\"card signpost-card card-has-image\">\n                    <div class=\"card-images\">\n                <a href=\"https:\/\/www.weidmann-medical.com\/de\/news\/lean-management-meets-digital-innovation\/\"\n                   target=\"_blank\">\n                    <img loading=\"lazy\" decoding=\"async\" src=\"https:\/\/www.weidmann-medical.com\/wp-content\/uploads\/sites\/3\/2025\/11\/Medical-Lean-Management-Meets-Digital-Innovation-740x510.jpg\" width=\"740\" height=\"510\" alt=\"Medical Lean Management Meets Digital Innovation\" class=\"img-fluid card-img-top card-img\">                <\/a>\n            <\/div>\n        \n        <div class=\"card-body\">\n            <li class=\"post-type\">\n                News                            <\/li>\n            <h3 class=\"signpost-card-heading\">\n                <a href=\"https:\/\/www.weidmann-medical.com\/de\/news\/lean-management-meets-digital-innovation\/ \"\n                   target=\"_blank\">\n                    Lean Management Meets Digital Innovation                <\/a>\n            <\/h3>\n\n                            <ul class=\"post-meta\">\n                                            <li class=\"post-meta-separator\"><\/li>\n                    \n                                            <li class=\"post-date\">27 November 2025<\/li>\n                                    <\/ul>\n                    <\/div>\n    <\/div>\n<\/div>\n\n<div class=\"card-has-image\">\n    <div class=\"card signpost-card card-has-image\">\n                    <div class=\"card-images\">\n                <a href=\"https:\/\/www.weidmann-medical.com\/de\/news\/weidmann-medical-webinar-lessons-from-25-years-experience-with-syringe-closures\/\"\n                   target=\"_blank\">\n                    <img loading=\"lazy\" decoding=\"async\" src=\"https:\/\/www.weidmann-medical.com\/wp-content\/uploads\/sites\/3\/2025\/11\/MT-Webinar_Artboard-5-740-w-x-510-h-New-Weidmann-Website-News-Thumbnail-scaled-V2-740x510.png\" width=\"740\" height=\"510\" alt=\"\" class=\"img-fluid card-img-top card-img\">                <\/a>\n            <\/div>\n        \n        <div class=\"card-body\">\n            <li class=\"post-type\">\n                News                            <\/li>\n            <h3 class=\"signpost-card-heading\">\n                <a href=\"https:\/\/www.weidmann-medical.com\/de\/news\/weidmann-medical-webinar-lessons-from-25-years-experience-with-syringe-closures\/ \"\n                   target=\"_blank\">\n                    Weidmann Medical Webinar | Lessons from 25 Years\u2019 Experience with Syringe Closures                <\/a>\n            <\/h3>\n\n                            <ul class=\"post-meta\">\n                                            <li class=\"post-meta-separator\"><\/li>\n                    \n                                            <li class=\"post-date\">21 November 2025<\/li>\n                                    <\/ul>\n                    <\/div>\n    <\/div>\n<\/div>\n\t<\/div>\n<\/div>\n\n<\/div><\/section>\n","protected":false},"excerpt":{"rendered":"","protected":false},"author":1,"featured_media":0,"parent":1814,"menu_order":1,"comment_status":"closed","ping_status":"closed","template":"","meta":{"_acf_changed":false,"footnotes":""},"class_list":["post-1815","page","type-page","status-publish","hentry"],"acf":[],"yoast_head":"<!-- This site is optimized with the Yoast SEO plugin v27.3 - https:\/\/yoast.com\/product\/yoast-seo-wordpress\/ -->\n<title>Diagnostik - Weidmann Medical Technology<\/title>\n<meta name=\"robots\" content=\"index, follow, max-snippet:-1, max-image-preview:large, max-video-preview:-1\" \/>\n<link rel=\"canonical\" href=\"https:\/\/www.weidmann-medical.com\/de\/maerkte\/diagnostik\/\" \/>\n<meta property=\"og:locale\" content=\"de_DE\" \/>\n<meta property=\"og:type\" content=\"article\" \/>\n<meta property=\"og:title\" content=\"Diagnostik - Weidmann Medical Technology\" \/>\n<meta property=\"og:url\" content=\"https:\/\/www.weidmann-medical.com\/de\/maerkte\/diagnostik\/\" \/>\n<meta property=\"og:site_name\" content=\"Weidmann Medical Technology\" \/>\n<meta property=\"article:modified_time\" content=\"2026-04-04T13:05:33+00:00\" \/>\n<meta name=\"twitter:card\" content=\"summary_large_image\" \/>\n<meta name=\"twitter:label1\" content=\"Est. reading time\" \/>\n\t<meta name=\"twitter:data1\" content=\"1 Minute\" \/>\n<script type=\"application\/ld+json\" class=\"yoast-schema-graph\">{\"@context\":\"https:\\\/\\\/schema.org\",\"@graph\":[{\"@type\":\"WebPage\",\"@id\":\"https:\\\/\\\/www.weidmann-medical.com\\\/de\\\/maerkte\\\/diagnostik\\\/\",\"url\":\"https:\\\/\\\/www.weidmann-medical.com\\\/de\\\/maerkte\\\/diagnostik\\\/\",\"name\":\"Diagnostik - Weidmann Medical Technology\",\"isPartOf\":{\"@id\":\"https:\\\/\\\/www.weidmann-medical.com\\\/de\\\/#website\"},\"datePublished\":\"2025-01-10T10:41:07+00:00\",\"dateModified\":\"2026-04-04T13:05:33+00:00\",\"breadcrumb\":{\"@id\":\"https:\\\/\\\/www.weidmann-medical.com\\\/de\\\/maerkte\\\/diagnostik\\\/#breadcrumb\"},\"inLanguage\":\"de-DE\",\"potentialAction\":[{\"@type\":\"ReadAction\",\"target\":[\"https:\\\/\\\/www.weidmann-medical.com\\\/de\\\/maerkte\\\/diagnostik\\\/\"]}]},{\"@type\":\"BreadcrumbList\",\"@id\":\"https:\\\/\\\/www.weidmann-medical.com\\\/de\\\/maerkte\\\/diagnostik\\\/#breadcrumb\",\"itemListElement\":[{\"@type\":\"ListItem\",\"position\":1,\"name\":\"Home\",\"item\":\"https:\\\/\\\/www.weidmann-medical.com\\\/de\\\/\"},{\"@type\":\"ListItem\",\"position\":2,\"name\":\"M\u00e4rkte\",\"item\":\"https:\\\/\\\/www.weidmann-medical.com\\\/de\\\/markets\\\/\"},{\"@type\":\"ListItem\",\"position\":3,\"name\":\"Diagnostik\"}]},{\"@type\":\"WebSite\",\"@id\":\"https:\\\/\\\/www.weidmann-medical.com\\\/de\\\/#website\",\"url\":\"https:\\\/\\\/www.weidmann-medical.com\\\/de\\\/\",\"name\":\"Weidmann Medical\",\"description\":\"\",\"potentialAction\":[{\"@type\":\"SearchAction\",\"target\":{\"@type\":\"EntryPoint\",\"urlTemplate\":\"https:\\\/\\\/www.weidmann-medical.com\\\/de\\\/?s={search_term_string}\"},\"query-input\":{\"@type\":\"PropertyValueSpecification\",\"valueRequired\":true,\"valueName\":\"search_term_string\"}}],\"inLanguage\":\"de-DE\"}]}<\/script>\n<!-- \/ Yoast SEO plugin. -->","yoast_head_json":{"title":"Diagnostik - Weidmann Medical Technology","robots":{"index":"index","follow":"follow","max-snippet":"max-snippet:-1","max-image-preview":"max-image-preview:large","max-video-preview":"max-video-preview:-1"},"canonical":"https:\/\/www.weidmann-medical.com\/de\/maerkte\/diagnostik\/","og_locale":"de_DE","og_type":"article","og_title":"Diagnostik - Weidmann Medical Technology","og_url":"https:\/\/www.weidmann-medical.com\/de\/maerkte\/diagnostik\/","og_site_name":"Weidmann Medical Technology","article_modified_time":"2026-04-04T13:05:33+00:00","twitter_card":"summary_large_image","twitter_misc":{"Est. reading time":"1 Minute"},"schema":{"@context":"https:\/\/schema.org","@graph":[{"@type":"WebPage","@id":"https:\/\/www.weidmann-medical.com\/de\/maerkte\/diagnostik\/","url":"https:\/\/www.weidmann-medical.com\/de\/maerkte\/diagnostik\/","name":"Diagnostik - Weidmann Medical Technology","isPartOf":{"@id":"https:\/\/www.weidmann-medical.com\/de\/#website"},"datePublished":"2025-01-10T10:41:07+00:00","dateModified":"2026-04-04T13:05:33+00:00","breadcrumb":{"@id":"https:\/\/www.weidmann-medical.com\/de\/maerkte\/diagnostik\/#breadcrumb"},"inLanguage":"de-DE","potentialAction":[{"@type":"ReadAction","target":["https:\/\/www.weidmann-medical.com\/de\/maerkte\/diagnostik\/"]}]},{"@type":"BreadcrumbList","@id":"https:\/\/www.weidmann-medical.com\/de\/maerkte\/diagnostik\/#breadcrumb","itemListElement":[{"@type":"ListItem","position":1,"name":"Home","item":"https:\/\/www.weidmann-medical.com\/de\/"},{"@type":"ListItem","position":2,"name":"M\u00e4rkte","item":"https:\/\/www.weidmann-medical.com\/de\/markets\/"},{"@type":"ListItem","position":3,"name":"Diagnostik"}]},{"@type":"WebSite","@id":"https:\/\/www.weidmann-medical.com\/de\/#website","url":"https:\/\/www.weidmann-medical.com\/de\/","name":"Weidmann Medical","description":"","potentialAction":[{"@type":"SearchAction","target":{"@type":"EntryPoint","urlTemplate":"https:\/\/www.weidmann-medical.com\/de\/?s={search_term_string}"},"query-input":{"@type":"PropertyValueSpecification","valueRequired":true,"valueName":"search_term_string"}}],"inLanguage":"de-DE"}]}},"_links":{"self":[{"href":"https:\/\/www.weidmann-medical.com\/de\/wp-json\/wp\/v2\/pages\/1815","targetHints":{"allow":["GET"]}}],"collection":[{"href":"https:\/\/www.weidmann-medical.com\/de\/wp-json\/wp\/v2\/pages"}],"about":[{"href":"https:\/\/www.weidmann-medical.com\/de\/wp-json\/wp\/v2\/types\/page"}],"author":[{"embeddable":true,"href":"https:\/\/www.weidmann-medical.com\/de\/wp-json\/wp\/v2\/users\/1"}],"replies":[{"embeddable":true,"href":"https:\/\/www.weidmann-medical.com\/de\/wp-json\/wp\/v2\/comments?post=1815"}],"version-history":[{"count":1,"href":"https:\/\/www.weidmann-medical.com\/de\/wp-json\/wp\/v2\/pages\/1815\/revisions"}],"predecessor-version":[{"id":4665,"href":"https:\/\/www.weidmann-medical.com\/de\/wp-json\/wp\/v2\/pages\/1815\/revisions\/4665"}],"up":[{"embeddable":true,"href":"https:\/\/www.weidmann-medical.com\/de\/wp-json\/wp\/v2\/pages\/1814"}],"wp:attachment":[{"href":"https:\/\/www.weidmann-medical.com\/de\/wp-json\/wp\/v2\/media?parent=1815"}],"curies":[{"name":"wp","href":"https:\/\/api.w.org\/{rel}","templated":true}]}}