{"id":1809,"date":"2025-04-01T14:26:44","date_gmt":"2025-04-01T14:26:44","guid":{"rendered":"https:\/\/www.weidmann-medical.com\/capabilities\/packaging\/"},"modified":"2026-04-05T10:32:03","modified_gmt":"2026-04-05T10:32:03","slug":"verpackung-und-logistik","status":"publish","type":"page","link":"https:\/\/www.weidmann-medical.com\/de\/kompetenzen\/verpackung-und-logistik\/","title":{"rendered":"Verpackung und Logistik"},"content":{"rendered":"\n\n<div class=\"small-hero medical small-hero--Stil-2\">\n\n            <div class=\"small-hero-wrapper\">\n                            <img decoding=\"async\" class=\"small-hero-image medical\" src=\"\/wp-content\/themes\/weidmann-network\/0-weidmann-group\/resources\/assets\/src\/img\/style-2.svg\" alt=\"\">\n                                        \n\n<h1 class=\"wp-block-heading\">Verpackung <br\/>und Logistik<\/h1>\n\n\n\n<p><\/p>\n\n\n                    <\/div>\n    \n<\/div>\n\n    <div class=\"sub-navigation is-overlapped\">\n        <ul class=\"sub-navigation-menu\">\n                            <li class=\"sub-navigation-menu-item \">\n                                            <a href=\"https:\/\/www.weidmann-medical.com\/de\/kompetenzen\/produktdesign-und-entwicklung\/\">\n                            Produktdesign und -entwicklung                        <\/a>\n                                    <\/li>\n                            <li class=\"sub-navigation-menu-item \">\n                                            <a href=\"https:\/\/www.weidmann-medical.com\/de\/kompetenzen\/kunststoffspritzguss\/\">\n                            Kunststoffspritzguss                        <\/a>\n                                    <\/li>\n                            <li class=\"sub-navigation-menu-item \">\n                                            <a href=\"https:\/\/www.weidmann-medical.com\/de\/kompetenzen\/werkzeugbau\/\">\n                            Werkzeugbau                        <\/a>\n                                    <\/li>\n                            <li class=\"sub-navigation-menu-item \">\n                                            <a href=\"https:\/\/www.weidmann-medical.com\/de\/kompetenzen\/automatisierung-und-montage\/\">\n                            Automatisierung und Montage                        <\/a>\n                                    <\/li>\n                            <li class=\"sub-navigation-menu-item \">\n                                            <a href=\"https:\/\/www.weidmann-medical.com\/de\/kompetenzen\/projekt-management\/\">\n                            Projekt Management                        <\/a>\n                                    <\/li>\n                            <li class=\"sub-navigation-menu-item current-page-item\">\n                                            <a href=\"https:\/\/www.weidmann-medical.com\/de\/kompetenzen\/verpackung-und-logistik\/\">\n                            <span>Verpackung und Logistik<\/span>\n                        <\/a>\n                                    <\/li>\n                    <\/ul>\n    <\/div>\n\n<section class=\"wp-block-cite-wordpress-theme-section has-overlapping-decoration-none has-0-padding-y-top has-0-padding-y-bottom\"><div class=\"theme-section-inner container\"><div class=\"yoast-breadcrumbs\"><span><a href=\"https:\/\/www.weidmann-medical.com\/de\/\"><svg xmlns=\"http:\/\/www.w3.org\/2000\/svg\" width=\"11\" height=\"10\" viewBox=\"0 0 11 10\" fill=\"none\">\n<path d=\"M10.9971 4.98926C10.9971 5.34075 10.7106 5.61609 10.3859 5.61609H9.77459L9.78797 8.74439C9.78797 8.79711 9.78415 8.84983 9.77841 8.90256V9.2189C9.77841 9.65046 9.43649 10 9.01433 10H8.70869C8.68768 10 8.66667 10 8.64565 9.99805C8.61891 10 8.59217 10 8.56542 10L7.9446 9.99805H7.48615C7.06399 9.99805 6.72206 9.64851 6.72206 9.21695V7.49854C6.72206 7.1529 6.4489 6.87366 6.11079 6.87366H4.88825C4.55014 6.87366 4.27698 7.1529 4.27698 7.49854V9.21695C4.27698 9.64851 3.93505 9.99805 3.51289 9.99805H2.44508C2.41643 9.99805 2.38777 9.99609 2.35912 9.99414C2.3362 9.99609 2.31328 9.99805 2.29035 9.99805H1.98472C1.56256 9.99805 1.22063 9.64851 1.22063 9.21695V7.02988C1.22063 7.0123 1.22063 6.99278 1.22254 6.9752V5.61414H0.61127C0.267431 5.61414 0 5.34075 0 4.98731C0 4.81156 0.0573066 4.65534 0.191022 4.51865L5.08692 0.156219C5.22063 0.0195274 5.37345 0 5.50716 0C5.64088 0 5.7937 0.0390549 5.90831 0.136692L10.787 4.5206C10.9398 4.65729 11.0162 4.81351 10.9971 4.98926Z\" fill=\"#DF3011\"\/>\n<\/svg><\/a> > <span><a href=\"https:\/\/www.weidmann-medical.com\/de\/capabilities\/\">Kompetenzen<\/a><\/span> > <span class=\"breadcrumb_last\" aria-current=\"page\">Verpackung und Logistik<\/span><\/span><\/div><\/div><\/section>\n\n<section class=\"wp-block-cite-wordpress-theme-section has-overlapping-decoration-none has-7-padding-y-top has-4-padding-y-bottom\"><div class=\"theme-section-inner container\">\n<div class=\"wp-block-columns is-layout-flex wp-container-core-columns-is-layout-9d6595d7 wp-block-columns-is-layout-flex\">\n<div class=\"wp-block-column is-layout-flow wp-block-column-is-layout-flow\" style=\"flex-basis:66.66%\">\n<h2 class=\"wp-block-cite-wordpress-theme-heading has-mb-spacing-38 has-md-font-size\" id=\"securing-your-products-with-care\">Schutz und Sicherheit f\u00fcr Ihre Produkte<\/h2>\n\n\n\n<p>Bei Weidmann Medical integrieren wir Verpackung und Logistik nahtlos in unser Full-Service-Angebot. Gemeinsam mit Ihnen entwickeln wir individuelle Verpackungskonzepte und effiziente Logistikstrategien. Unsere L\u00f6sungen sch\u00fctzen Ihre Produkte, erf\u00fcllen regulatorische Anforderungen und optimieren Lieferprozesse \u2013 f\u00fcr eine sichere, p\u00fcnktliche und kosteneffiziente Lieferung medizinischer und pharmazeutischer Produkte weltweit.  <\/p>\n<\/div>\n\n\n\n<div class=\"wp-block-column is-layout-flow wp-block-column-is-layout-flow\" style=\"flex-basis:33.33%\"><\/div>\n<\/div>\n<\/div><\/section>\n\n<section class=\"wp-block-cite-wordpress-theme-section has-light-blue-base-background-color has-background has-overlapping-decoration-none has-4-padding-y-top has-4-padding-y-bottom\"><div class=\"theme-section-inner container\">\n<section class=\"wp-block-cite-wordpress-theme-section has-overlapping-decoration-none has-4-padding-y-top has-4-padding-y-bottom\"><div class=\"theme-section-inner container\">\n<h3 class=\"wp-block-cite-wordpress-theme-heading has-mb-spacing-38 has-h3-font-size has-text-align-center\" id=\"support-you-can-count-on-1\">Intelligente Verpackung und zuverl\u00e4ssige <br>Logistik f\u00fcr sichere Lieferungen<\/h3>\n\n\n\n<p class=\"has-text-align-center\">Unser internes Supply-Chain-Management sorgt daf\u00fcr, dass Sie jederzeit effiziente, zuverl\u00e4ssige und hochwertige Lieferungen erhalten. <br\/>Unsere Spezialisten \u00fcberwachen jeden Schritt, um die Qualit\u00e4t und Leistung kontinuierlich zu sichern.<\/p>\n<\/div><\/section>\n\n\n\n<section class=\"wp-block-cite-wordpress-theme-section has-overlapping-decoration-none has-0-padding-y-top has-4-padding-y-bottom\"><div class=\"theme-section-inner container\">\n<div class=\"wp-block-cite-wordpress-theme-icons three-columns\"><div class=\"blocks-cite-wordpress-theme-icons\"><div class=\"icons-inner\">\n<div class=\"col\"><figure class=\"wp-block-cite-wordpress-theme-icon-item wp-block-cite-wordpress-theme-icon\"><figcaption><img decoding=\"async\" src=\"https:\/\/www.weidmann-medical.com\/wp-content\/uploads\/sites\/3\/2025\/04\/250212_2289_HOLLIS-TIF-30065289972_540X540-med.jpg\" alt=\"\" class=\"img-fluid\"\/><\/figcaption><p class=\"icon-text\">Customized <br>packaging solutions<\/p><\/figure><\/div>\n\n\n\n<div class=\"col\"><figure class=\"wp-block-cite-wordpress-theme-icon-item wp-block-cite-wordpress-theme-icon\"><figcaption><img decoding=\"async\" src=\"https:\/\/www.weidmann-medical.com\/wp-content\/uploads\/sites\/3\/2025\/04\/250212_2451_HOLLIS-TIF-30065290100_540x540-med.jpg\" alt=\"\" class=\"img-fluid\"\/><\/figcaption><p class=\"icon-text\">Cleanroom <br>packaging and labeling<\/p><\/figure><\/div>\n\n\n\n<div class=\"col\"><figure class=\"wp-block-cite-wordpress-theme-icon-item wp-block-cite-wordpress-theme-icon\"><figcaption><img decoding=\"async\" src=\"https:\/\/www.weidmann-medical.com\/wp-content\/uploads\/sites\/3\/2025\/04\/250212_2562_HOLLIS-TIF-30065290182_540x540-med.jpg\" alt=\"\" class=\"img-fluid\"\/><\/figcaption><p class=\"icon-text\">Global shipping <br>and supply chain support<\/p><\/figure><\/div>\n<\/div><\/div><\/div>\n<\/div><\/section>\n<\/div><\/section>\n\n\n<section class=\"wp-cite-wordpress-theme-section cta-strip-section \">\n    <div class=\"container theme-section-inner\">\n        <div class=\"cta-strip-content\">\n                            <h2 class=\"cta-strip-title\">M\u00f6chten Sie mehr erfahren?<\/h2>\n            \n            <div class=\"cta-strip-cta-container\">\n                                    <div class=\"wp-block-weidmann-button-container\">\n                        <div class=\"wp-block-weidmann-button cta-strip-button secondary\">\n                            <a href=\"https:\/\/www.weidmann-medical.com\/de\/kontakt\/\"\n                               target=\"_blank\"\n                               class=\"wp-block-button-link cta-strip-button-link\">Kontaktierien Sie uns<\/a>\n                        <\/div>\n                    <\/div>\n                                            <\/div>\n        <\/div>\n    <\/div>\n<\/section>\n\n<section class=\"wp-block-cite-wordpress-theme-section has-pale-blue-base-background-color has-background has-overlapping-decoration-none has-8-padding-y-top has-8-padding-y-bottom\"><div class=\"theme-section-inner container\">\n<h2 class=\"wp-block-cite-wordpress-theme-heading has-mb-spacing-54 has-md-font-size\" id=\"latest-updates\">Aktuelles von Weidmann<\/h2>\n\n\n\n<div class=\"wp-block-cite-theme-dynamic-signposts three-columns\">\n\t<div class=\"dynamic-signposts-inner\">\n\t\t\n<div class=\"card-has-image\">\n    <div class=\"card signpost-card card-has-image\">\n                    <div class=\"card-images\">\n                <a href=\"https:\/\/www.weidmann-group.com\/de\/news\/weidmann-foundation-donation\/\"\n                   target=\"_blank\">\n                    <img loading=\"lazy\" decoding=\"async\" src=\"https:\/\/www.weidmann-medical.com\/wp-content\/uploads\/sites\/3\/2026\/02\/DG_SM_Rapperswil-Charity_740x510.jpg\" width=\"740\" height=\"510\" alt=\"\" class=\"img-fluid card-img-top card-img\">                <\/a>\n            <\/div>\n        \n        <div class=\"card-body\">\n            <li class=\"post-type\">\n                News                            <\/li>\n            <h3 class=\"signpost-card-heading\">\n                <a href=\"https:\/\/www.weidmann-group.com\/de\/news\/weidmann-foundation-donation\/ \"\n                   target=\"_blank\">\n                    Weidmann Group Raffle Proceeds to Benefit the Sternschnuppe Children&#8217;s Aid Foundation                <\/a>\n            <\/h3>\n\n                            <ul class=\"post-meta\">\n                                            <li class=\"post-meta-separator\"><\/li>\n                    \n                                            <li class=\"post-date\">05 Februar 2026<\/li>\n                                    <\/ul>\n                    <\/div>\n    <\/div>\n<\/div>\n\n<div class=\"card-has-image\">\n    <div class=\"card signpost-card card-has-image\">\n                    <div class=\"card-images\">\n                <a href=\"https:\/\/www.weidmann-medical.com\/de\/news\/lean-management-meets-digital-innovation\/\"\n                   target=\"_blank\">\n                    <img loading=\"lazy\" decoding=\"async\" src=\"https:\/\/www.weidmann-medical.com\/wp-content\/uploads\/sites\/3\/2025\/11\/Medical-Lean-Management-Meets-Digital-Innovation-740x510.jpg\" width=\"740\" height=\"510\" alt=\"Medical Lean Management Meets Digital Innovation\" class=\"img-fluid card-img-top card-img\">                <\/a>\n            <\/div>\n        \n        <div class=\"card-body\">\n            <li class=\"post-type\">\n                News                            <\/li>\n            <h3 class=\"signpost-card-heading\">\n                <a href=\"https:\/\/www.weidmann-medical.com\/de\/news\/lean-management-meets-digital-innovation\/ \"\n                   target=\"_blank\">\n                    Lean Management Meets Digital Innovation                <\/a>\n            <\/h3>\n\n                            <ul class=\"post-meta\">\n                                            <li class=\"post-meta-separator\"><\/li>\n                    \n                                            <li class=\"post-date\">27 November 2025<\/li>\n                                    <\/ul>\n                    <\/div>\n    <\/div>\n<\/div>\n\n<div class=\"card-has-image\">\n    <div class=\"card signpost-card card-has-image\">\n                    <div class=\"card-images\">\n                <a href=\"https:\/\/www.weidmann-medical.com\/de\/news\/weidmann-medical-webinar-lessons-from-25-years-experience-with-syringe-closures\/\"\n                   target=\"_blank\">\n                    <img loading=\"lazy\" decoding=\"async\" src=\"https:\/\/www.weidmann-medical.com\/wp-content\/uploads\/sites\/3\/2025\/11\/MT-Webinar_Artboard-5-740-w-x-510-h-New-Weidmann-Website-News-Thumbnail-scaled-V2-740x510.png\" width=\"740\" height=\"510\" alt=\"\" class=\"img-fluid card-img-top card-img\">                <\/a>\n            <\/div>\n        \n        <div class=\"card-body\">\n            <li class=\"post-type\">\n                News                            <\/li>\n            <h3 class=\"signpost-card-heading\">\n                <a href=\"https:\/\/www.weidmann-medical.com\/de\/news\/weidmann-medical-webinar-lessons-from-25-years-experience-with-syringe-closures\/ \"\n                   target=\"_blank\">\n                    Weidmann Medical Webinar | Lessons from 25 Years\u2019 Experience with Syringe Closures                <\/a>\n            <\/h3>\n\n                            <ul class=\"post-meta\">\n                                            <li class=\"post-meta-separator\"><\/li>\n                    \n                                            <li class=\"post-date\">21 November 2025<\/li>\n                                    <\/ul>\n                    <\/div>\n    <\/div>\n<\/div>\n\t<\/div>\n<\/div>\n\n<\/div><\/section>\n\n<p><\/p>\n","protected":false},"excerpt":{"rendered":"","protected":false},"author":7,"featured_media":0,"parent":1806,"menu_order":6,"comment_status":"closed","ping_status":"closed","template":"","meta":{"_acf_changed":false,"footnotes":""},"class_list":["post-1809","page","type-page","status-publish","hentry"],"acf":[],"yoast_head":"<!-- This site is optimized with the Yoast SEO plugin v27.3 - https:\/\/yoast.com\/product\/yoast-seo-wordpress\/ -->\n<title>Verpackung und Logistik - Weidmann Medical Technology<\/title>\n<meta name=\"robots\" content=\"index, follow, max-snippet:-1, max-image-preview:large, max-video-preview:-1\" \/>\n<link rel=\"canonical\" href=\"https:\/\/www.weidmann-medical.com\/de\/kompetenzen\/verpackung-und-logistik\/\" \/>\n<meta property=\"og:locale\" content=\"de_DE\" \/>\n<meta property=\"og:type\" content=\"article\" \/>\n<meta property=\"og:title\" content=\"Verpackung und Logistik - Weidmann Medical Technology\" \/>\n<meta property=\"og:url\" content=\"https:\/\/www.weidmann-medical.com\/de\/kompetenzen\/verpackung-und-logistik\/\" \/>\n<meta property=\"og:site_name\" content=\"Weidmann Medical Technology\" \/>\n<meta property=\"article:modified_time\" content=\"2026-04-05T10:32:03+00:00\" \/>\n<meta property=\"og:image\" content=\"https:\/\/www.weidmann-medical.com\/wp-content\/uploads\/sites\/3\/2025\/04\/250212_2289_HOLLIS-TIF-30065289972_540X540-med.jpg\" \/>\n<meta name=\"twitter:card\" content=\"summary_large_image\" \/>\n<meta name=\"twitter:label1\" content=\"Est. reading time\" \/>\n\t<meta name=\"twitter:data1\" content=\"2 Minuten\" \/>\n<script type=\"application\/ld+json\" class=\"yoast-schema-graph\">{\"@context\":\"https:\\\/\\\/schema.org\",\"@graph\":[{\"@type\":\"WebPage\",\"@id\":\"https:\\\/\\\/www.weidmann-medical.com\\\/de\\\/kompetenzen\\\/verpackung-und-logistik\\\/\",\"url\":\"https:\\\/\\\/www.weidmann-medical.com\\\/de\\\/kompetenzen\\\/verpackung-und-logistik\\\/\",\"name\":\"Verpackung und Logistik - Weidmann Medical Technology\",\"isPartOf\":{\"@id\":\"https:\\\/\\\/www.weidmann-medical.com\\\/de\\\/#website\"},\"primaryImageOfPage\":{\"@id\":\"https:\\\/\\\/www.weidmann-medical.com\\\/de\\\/kompetenzen\\\/verpackung-und-logistik\\\/#primaryimage\"},\"image\":{\"@id\":\"https:\\\/\\\/www.weidmann-medical.com\\\/de\\\/kompetenzen\\\/verpackung-und-logistik\\\/#primaryimage\"},\"thumbnailUrl\":\"https:\\\/\\\/www.weidmann-medical.com\\\/wp-content\\\/uploads\\\/sites\\\/3\\\/2025\\\/04\\\/250212_2289_HOLLIS-TIF-30065289972_540X540-med.jpg\",\"datePublished\":\"2025-04-01T14:26:44+00:00\",\"dateModified\":\"2026-04-05T10:32:03+00:00\",\"breadcrumb\":{\"@id\":\"https:\\\/\\\/www.weidmann-medical.com\\\/de\\\/kompetenzen\\\/verpackung-und-logistik\\\/#breadcrumb\"},\"inLanguage\":\"de-DE\",\"potentialAction\":[{\"@type\":\"ReadAction\",\"target\":[\"https:\\\/\\\/www.weidmann-medical.com\\\/de\\\/kompetenzen\\\/verpackung-und-logistik\\\/\"]}]},{\"@type\":\"ImageObject\",\"inLanguage\":\"de-DE\",\"@id\":\"https:\\\/\\\/www.weidmann-medical.com\\\/de\\\/kompetenzen\\\/verpackung-und-logistik\\\/#primaryimage\",\"url\":\"https:\\\/\\\/www.weidmann-medical.com\\\/wp-content\\\/uploads\\\/sites\\\/3\\\/2025\\\/04\\\/250212_2289_HOLLIS-TIF-30065289972_540X540-med.jpg\",\"contentUrl\":\"https:\\\/\\\/www.weidmann-medical.com\\\/wp-content\\\/uploads\\\/sites\\\/3\\\/2025\\\/04\\\/250212_2289_HOLLIS-TIF-30065289972_540X540-med.jpg\"},{\"@type\":\"BreadcrumbList\",\"@id\":\"https:\\\/\\\/www.weidmann-medical.com\\\/de\\\/kompetenzen\\\/verpackung-und-logistik\\\/#breadcrumb\",\"itemListElement\":[{\"@type\":\"ListItem\",\"position\":1,\"name\":\"Home\",\"item\":\"https:\\\/\\\/www.weidmann-medical.com\\\/de\\\/\"},{\"@type\":\"ListItem\",\"position\":2,\"name\":\"Kompetenzen\",\"item\":\"https:\\\/\\\/www.weidmann-medical.com\\\/de\\\/capabilities\\\/\"},{\"@type\":\"ListItem\",\"position\":3,\"name\":\"Verpackung und Logistik\"}]},{\"@type\":\"WebSite\",\"@id\":\"https:\\\/\\\/www.weidmann-medical.com\\\/de\\\/#website\",\"url\":\"https:\\\/\\\/www.weidmann-medical.com\\\/de\\\/\",\"name\":\"Weidmann Medical\",\"description\":\"\",\"potentialAction\":[{\"@type\":\"SearchAction\",\"target\":{\"@type\":\"EntryPoint\",\"urlTemplate\":\"https:\\\/\\\/www.weidmann-medical.com\\\/de\\\/?s={search_term_string}\"},\"query-input\":{\"@type\":\"PropertyValueSpecification\",\"valueRequired\":true,\"valueName\":\"search_term_string\"}}],\"inLanguage\":\"de-DE\"}]}<\/script>\n<!-- \/ Yoast SEO plugin. -->","yoast_head_json":{"title":"Verpackung und Logistik - Weidmann Medical Technology","robots":{"index":"index","follow":"follow","max-snippet":"max-snippet:-1","max-image-preview":"max-image-preview:large","max-video-preview":"max-video-preview:-1"},"canonical":"https:\/\/www.weidmann-medical.com\/de\/kompetenzen\/verpackung-und-logistik\/","og_locale":"de_DE","og_type":"article","og_title":"Verpackung und Logistik - Weidmann Medical Technology","og_url":"https:\/\/www.weidmann-medical.com\/de\/kompetenzen\/verpackung-und-logistik\/","og_site_name":"Weidmann Medical Technology","article_modified_time":"2026-04-05T10:32:03+00:00","og_image":[{"url":"https:\/\/www.weidmann-medical.com\/wp-content\/uploads\/sites\/3\/2025\/04\/250212_2289_HOLLIS-TIF-30065289972_540X540-med.jpg","type":"","width":"","height":""}],"twitter_card":"summary_large_image","twitter_misc":{"Est. reading time":"2 Minuten"},"schema":{"@context":"https:\/\/schema.org","@graph":[{"@type":"WebPage","@id":"https:\/\/www.weidmann-medical.com\/de\/kompetenzen\/verpackung-und-logistik\/","url":"https:\/\/www.weidmann-medical.com\/de\/kompetenzen\/verpackung-und-logistik\/","name":"Verpackung und Logistik - Weidmann Medical Technology","isPartOf":{"@id":"https:\/\/www.weidmann-medical.com\/de\/#website"},"primaryImageOfPage":{"@id":"https:\/\/www.weidmann-medical.com\/de\/kompetenzen\/verpackung-und-logistik\/#primaryimage"},"image":{"@id":"https:\/\/www.weidmann-medical.com\/de\/kompetenzen\/verpackung-und-logistik\/#primaryimage"},"thumbnailUrl":"https:\/\/www.weidmann-medical.com\/wp-content\/uploads\/sites\/3\/2025\/04\/250212_2289_HOLLIS-TIF-30065289972_540X540-med.jpg","datePublished":"2025-04-01T14:26:44+00:00","dateModified":"2026-04-05T10:32:03+00:00","breadcrumb":{"@id":"https:\/\/www.weidmann-medical.com\/de\/kompetenzen\/verpackung-und-logistik\/#breadcrumb"},"inLanguage":"de-DE","potentialAction":[{"@type":"ReadAction","target":["https:\/\/www.weidmann-medical.com\/de\/kompetenzen\/verpackung-und-logistik\/"]}]},{"@type":"ImageObject","inLanguage":"de-DE","@id":"https:\/\/www.weidmann-medical.com\/de\/kompetenzen\/verpackung-und-logistik\/#primaryimage","url":"https:\/\/www.weidmann-medical.com\/wp-content\/uploads\/sites\/3\/2025\/04\/250212_2289_HOLLIS-TIF-30065289972_540X540-med.jpg","contentUrl":"https:\/\/www.weidmann-medical.com\/wp-content\/uploads\/sites\/3\/2025\/04\/250212_2289_HOLLIS-TIF-30065289972_540X540-med.jpg"},{"@type":"BreadcrumbList","@id":"https:\/\/www.weidmann-medical.com\/de\/kompetenzen\/verpackung-und-logistik\/#breadcrumb","itemListElement":[{"@type":"ListItem","position":1,"name":"Home","item":"https:\/\/www.weidmann-medical.com\/de\/"},{"@type":"ListItem","position":2,"name":"Kompetenzen","item":"https:\/\/www.weidmann-medical.com\/de\/capabilities\/"},{"@type":"ListItem","position":3,"name":"Verpackung und Logistik"}]},{"@type":"WebSite","@id":"https:\/\/www.weidmann-medical.com\/de\/#website","url":"https:\/\/www.weidmann-medical.com\/de\/","name":"Weidmann Medical","description":"","potentialAction":[{"@type":"SearchAction","target":{"@type":"EntryPoint","urlTemplate":"https:\/\/www.weidmann-medical.com\/de\/?s={search_term_string}"},"query-input":{"@type":"PropertyValueSpecification","valueRequired":true,"valueName":"search_term_string"}}],"inLanguage":"de-DE"}]}},"_links":{"self":[{"href":"https:\/\/www.weidmann-medical.com\/de\/wp-json\/wp\/v2\/pages\/1809","targetHints":{"allow":["GET"]}}],"collection":[{"href":"https:\/\/www.weidmann-medical.com\/de\/wp-json\/wp\/v2\/pages"}],"about":[{"href":"https:\/\/www.weidmann-medical.com\/de\/wp-json\/wp\/v2\/types\/page"}],"author":[{"embeddable":true,"href":"https:\/\/www.weidmann-medical.com\/de\/wp-json\/wp\/v2\/users\/7"}],"replies":[{"embeddable":true,"href":"https:\/\/www.weidmann-medical.com\/de\/wp-json\/wp\/v2\/comments?post=1809"}],"version-history":[{"count":5,"href":"https:\/\/www.weidmann-medical.com\/de\/wp-json\/wp\/v2\/pages\/1809\/revisions"}],"predecessor-version":[{"id":4684,"href":"https:\/\/www.weidmann-medical.com\/de\/wp-json\/wp\/v2\/pages\/1809\/revisions\/4684"}],"up":[{"embeddable":true,"href":"https:\/\/www.weidmann-medical.com\/de\/wp-json\/wp\/v2\/pages\/1806"}],"wp:attachment":[{"href":"https:\/\/www.weidmann-medical.com\/de\/wp-json\/wp\/v2\/media?parent=1809"}],"curies":[{"name":"wp","href":"https:\/\/api.w.org\/{rel}","templated":true}]}}