{"id":1805,"date":"2025-02-23T15:55:24","date_gmt":"2025-02-23T15:55:24","guid":{"rendered":"https:\/\/www.weidmann-medical.com\/weidmann-in-numbers\/"},"modified":"2026-04-02T13:52:05","modified_gmt":"2026-04-02T13:52:05","slug":"zahlen-und-fakten","status":"publish","type":"page","link":"https:\/\/www.weidmann-medical.com\/de\/uber\/zahlen-und-fakten\/","title":{"rendered":"Zahlen und Fakten"},"content":{"rendered":"\n\n<div class=\"small-hero medical small-hero--style-3\">\n\n            <div class=\"small-hero-wrapper\">\n                            <img decoding=\"async\" class=\"small-hero-image medical\" src=\"\/wp-content\/themes\/weidmann-network\/0-weidmann-group\/resources\/assets\/src\/img\/style-3.svg\" alt=\"\">\n                                        \n\n<h2 class=\"wp-block-heading has-weidmann-black-base-color has-text-color has-link-color wp-elements-5676c5503ec29802a2ac6467f0f0a46a\">Zahlen und Fakten<\/h2>\n\n\n\n<p><\/p>\n\n\n                    <\/div>\n    \n<\/div>\n\n    <div class=\"sub-navigation is-overlapped\">\n        <ul class=\"sub-navigation-menu\">\n                            <li class=\"sub-navigation-menu-item \">\n                                            <a href=\"https:\/\/www.weidmann-medical.com\/de\/uber\/unser-team\/\">\n                            Unser Team                        <\/a>\n                                    <\/li>\n                            <li class=\"sub-navigation-menu-item current-page-item\">\n                                            <a href=\"https:\/\/www.weidmann-medical.com\/de\/uber\/zahlen-und-fakten\/\">\n                            <span>Zahlen und Fakten<\/span>\n                        <\/a>\n                                    <\/li>\n                            <li class=\"sub-navigation-menu-item \">\n                                            <a href=\"https:\/\/www.weidmann-medical.com\/de\/uber\/karrieren\/\">\n                            Karriere                        <\/a>\n                                    <\/li>\n                            <li class=\"sub-navigation-menu-item \">\n                                            <a href=\"https:\/\/www.weidmann-medical.com\/de\/uber\/nachhaltigkeit\/\">\n                            Nachhaltigkeit                        <\/a>\n                                    <\/li>\n                            <li class=\"sub-navigation-menu-item \">\n                                            <a href=\"https:\/\/www.weidmann-medical.com\/de\/uber\/unsere-standorte\/\">\n                            Unsere Standorte                        <\/a>\n                                    <\/li>\n                    <\/ul>\n    <\/div>\n\n<section class=\"wp-block-cite-wordpress-theme-section has-overlapping-decoration-none has-0-padding-y-top has-0-padding-y-bottom\"><div class=\"theme-section-inner container\"><div class=\"yoast-breadcrumbs\"><span><a href=\"https:\/\/www.weidmann-medical.com\/de\/\"><svg xmlns=\"http:\/\/www.w3.org\/2000\/svg\" width=\"11\" height=\"10\" viewBox=\"0 0 11 10\" fill=\"none\">\n<path d=\"M10.9971 4.98926C10.9971 5.34075 10.7106 5.61609 10.3859 5.61609H9.77459L9.78797 8.74439C9.78797 8.79711 9.78415 8.84983 9.77841 8.90256V9.2189C9.77841 9.65046 9.43649 10 9.01433 10H8.70869C8.68768 10 8.66667 10 8.64565 9.99805C8.61891 10 8.59217 10 8.56542 10L7.9446 9.99805H7.48615C7.06399 9.99805 6.72206 9.64851 6.72206 9.21695V7.49854C6.72206 7.1529 6.4489 6.87366 6.11079 6.87366H4.88825C4.55014 6.87366 4.27698 7.1529 4.27698 7.49854V9.21695C4.27698 9.64851 3.93505 9.99805 3.51289 9.99805H2.44508C2.41643 9.99805 2.38777 9.99609 2.35912 9.99414C2.3362 9.99609 2.31328 9.99805 2.29035 9.99805H1.98472C1.56256 9.99805 1.22063 9.64851 1.22063 9.21695V7.02988C1.22063 7.0123 1.22063 6.99278 1.22254 6.9752V5.61414H0.61127C0.267431 5.61414 0 5.34075 0 4.98731C0 4.81156 0.0573066 4.65534 0.191022 4.51865L5.08692 0.156219C5.22063 0.0195274 5.37345 0 5.50716 0C5.64088 0 5.7937 0.0390549 5.90831 0.136692L10.787 4.5206C10.9398 4.65729 11.0162 4.81351 10.9971 4.98926Z\" fill=\"#DF3011\"\/>\n<\/svg><\/a> > <span><a href=\"https:\/\/www.weidmann-medical.com\/de\/uber\/\">\u00dcber uns<\/a><\/span> > <span class=\"breadcrumb_last\" aria-current=\"page\">Zahlen und Fakten<\/span><\/span><\/div><\/div><\/section>\n\n<section class=\"wp-block-cite-wordpress-theme-section heading-text-pattern has-overlapping-decoration-none has-7-padding-y-top has-4-padding-y-bottom\"><div class=\"theme-section-inner container\">\n<h2 class=\"wp-block-cite-wordpress-theme-heading has-mb-sm has-md-font-size\" id=\"why-choose-us\">Pr\u00e4zision, Effizienz und Vertrauen<\/h2>\n\n\n\n<p class=\"has-text-align-left\">Seit fast 30 Jahren ist Weidmann Medical auf hochpr\u00e4zisen Kunststoffspritzguss f\u00fcr f\u00fcr Anwendungen in der Medizintechnik, Diagnostik und Pharma spezialisiert. Als Teil der weltweit t\u00e4tigen Weidmann Gruppe \u2013 mit \u00fcber 140 Jahren Geschichte \u2013 vereinen wir Kompetenz, Gr\u00f6sse und Innovationskraft, um zuverl\u00e4ssige und effiziente L\u00f6sungen zu liefern. Unterst\u00fctzt durch modernste Reinraumproduktion und ein engagiertes Team. <\/p>\n<\/div><\/section>\n\n<section class=\"wp-block-cite-wordpress-theme-section has-overlapping-decoration-none has-0-padding-y-top has-0-padding-y-bottom\"><div class=\"theme-section-inner container\">\n<section class=\"wp-block-cite-wordpress-theme-section heading-text-pattern has-overlapping-decoration-none has-0-padding-y-top has-4-padding-y-bottom\"><div class=\"theme-section-inner container\">\n<h2 class=\"wp-block-cite-wordpress-theme-heading has-mb-sm has-md-font-size has-text-align-center\" id=\"who-we-are-at-a-glance\">Was uns auszeichnet<\/h2>\n\n\n\n<p class=\"has-text-align-center\">Entdecken Sie Zahlen und Fakten, die das Know-how, die Kompetenzen und die Leistungsf\u00e4higkeit von Weidmann Medical in der Medizin- und Pharmabranche belegen.<\/p>\n<\/div><\/section>\n\n\n\n<div class=\"wp-block-cite-wordpress-theme-icons three-columns\"><div class=\"blocks-cite-wordpress-theme-icons\"><div class=\"icons-inner\">\n<div class=\"col\"><figure class=\"wp-block-cite-wordpress-theme-icon-item wp-block-cite-wordpress-theme-icon\"><figcaption><img decoding=\"async\" src=\"https:\/\/www.weidmann-medical.com\/wp-content\/uploads\/sites\/3\/2025\/04\/JMZ2830-scaled_540x540-whychoose.jpg\" alt=\"\" class=\"img-fluid\"><\/figcaption><p class=\"icon-text\">Fast 30 Jahre Erfahrung im medizinischen Kunststoff-spritzguss<\/p><\/figure><\/div>\n\n\n\n<div class=\"col\"><figure class=\"wp-block-cite-wordpress-theme-icon-item wp-block-cite-wordpress-theme-icon\"><figcaption><img decoding=\"async\" src=\"https:\/\/www.weidmann-medical.com\/wp-content\/uploads\/sites\/3\/2025\/04\/WEI_Reinraum_04-19_00012_540x540-med-aboutus.jpg\" alt=\"\" class=\"img-fluid\"><\/figcaption><p class=\"icon-text\">13.000 Quadratmeter gesamte medizinische Produktionsfl\u00e4che<br><br><br><\/p><\/figure><\/div>\n\n\n\n<div class=\"col\"><figure class=\"wp-block-cite-wordpress-theme-icon-item wp-block-cite-wordpress-theme-icon\"><figcaption><img decoding=\"async\" src=\"https:\/\/www.weidmann-medical.com\/wp-content\/uploads\/sites\/3\/2025\/04\/250212_2111_HOLLIS-TIF-30065289509_540x540-med-aboutus.jpg\" alt=\"\" class=\"img-fluid\"><\/figcaption><p class=\"icon-text\">Mehr als 200 Mitarbeitende<\/p><\/figure><\/div>\n<\/div><\/div><\/div>\n<\/div><\/section>\n\n<section class=\"wp-block-cite-wordpress-theme-section has-light-blue-base-background-color has-background has-overlapping-decoration-none has-4-padding-y-top has-8-padding-y-bottom\"><div class=\"theme-section-inner container\">\n    <div class=\"tabular-list\">\n                    <div class=\"tab-list-section\">\n                <div class=\"tab-list-title-container\"\n                     data-tab=\"tab-0\">\n                    <h2 class=\"tab-list-title\">\n                                                    Umsatz 2024                                            <\/h2>\n                <\/div>\n\n                <div class=\"tab-list-text-area\" id=\"tab-0\">\n                    <div class=\"tab-list-text-area-wrapper\">\n                                                                                    <div class=\"tab-row\">\n                                                                            <p class=\"tab-row-title\">Weidmann Gruppe (Mio CHF)<\/p>\n                                                                                                                <p class=\"tab-row-text\">530<\/p>\n                                                                    <\/div>\n                                                                        <\/div>\n                <\/div>\n            <\/div>\n                    <div class=\"tab-list-section\">\n                <div class=\"tab-list-title-container\"\n                     data-tab=\"tab-1\">\n                    <h2 class=\"tab-list-title\">\n                                                    Mitarbeitende                                            <\/h2>\n                <\/div>\n\n                <div class=\"tab-list-text-area\" id=\"tab-1\">\n                    <div class=\"tab-list-text-area-wrapper\">\n                                                                                    <div class=\"tab-row\">\n                                                                            <p class=\"tab-row-title\">Weidmann Gruppe<\/p>\n                                                                                                                <p class=\"tab-row-text\">3,333<\/p>\n                                                                    <\/div>\n                                                            <div class=\"tab-row\">\n                                                                            <p class=\"tab-row-title\">Weidmann Medical Technology<\/p>\n                                                                                                                <p class=\"tab-row-text\">236<\/p>\n                                                                    <\/div>\n                                                            <div class=\"tab-row\">\n                                                                            <p class=\"tab-row-title\">Produktionsst\u00e4tten Rapperswil und Bad Ragaz, Schweiz<\/p>\n                                                                                                                <p class=\"tab-row-text\">182<\/p>\n                                                                    <\/div>\n                                                            <div class=\"tab-row\">\n                                                                            <p class=\"tab-row-title\">Produktionsst\u00e4tten Saltillo, Mexiko<\/p>\n                                                                                                                <p class=\"tab-row-text\">54<\/p>\n                                                                    <\/div>\n                                                            <div class=\"tab-row\">\n                                                                            <p class=\"tab-row-title\">Produktionsfl\u00e4che, gesamt<\/p>\n                                                                                                                <p class=\"tab-row-text\">17.000 m\u00b2<\/p>\n                                                                    <\/div>\n                                                            <div class=\"tab-row\">\n                                                                            <p class=\"tab-row-title\">Reinraumfl\u00e4che, gesamt<\/p>\n                                                                                                                <p class=\"tab-row-text\">8.800 m\u00b2<\/p>\n                                                                    <\/div>\n                                                                        <\/div>\n                <\/div>\n            <\/div>\n                    <div class=\"tab-list-section\">\n                <div class=\"tab-list-title-container\"\n                     data-tab=\"tab-2\">\n                    <h2 class=\"tab-list-title\">\n                                                    Maschinenpark                                            <\/h2>\n                <\/div>\n\n                <div class=\"tab-list-text-area\" id=\"tab-2\">\n                    <div class=\"tab-list-text-area-wrapper\">\n                                                                                    <div class=\"tab-row\">\n                                                                            <p class=\"tab-row-title\">Spritzgussmaschinen<\/p>\n                                                                                                                <p class=\"tab-row-text\">86 St\u00fcck<\/p>\n                                                                    <\/div>\n                                                            <div class=\"tab-row\">\n                                                                            <p class=\"tab-row-title\">Gr\u00f6sse Spritzgussmaschinen <\/p>\n                                                                                                                <p class=\"tab-row-text\">15 \u2013 380 Tonnen<\/p>\n                                                                    <\/div>\n                                                            <div class=\"tab-row\">\n                                                                            <p class=\"tab-row-title\">Produktionsbetrieb <\/p>\n                                                                                                                <p class=\"tab-row-text\">24 Stunden\/7 Tage<\/p>\n                                                                    <\/div>\n                                                                        <\/div>\n                <\/div>\n            <\/div>\n            <\/div>\n<\/div><\/section>\n","protected":false},"excerpt":{"rendered":"","protected":false},"author":7,"featured_media":0,"parent":1826,"menu_order":0,"comment_status":"closed","ping_status":"closed","template":"","meta":{"_acf_changed":false,"footnotes":""},"class_list":["post-1805","page","type-page","status-publish","hentry"],"acf":[],"yoast_head":"<!-- This site is optimized with the Yoast SEO plugin v27.4 - https:\/\/yoast.com\/product\/yoast-seo-wordpress\/ -->\n<title>Zahlen und Fakten - Weidmann Medical Technology<\/title>\n<meta name=\"robots\" content=\"index, follow, max-snippet:-1, max-image-preview:large, max-video-preview:-1\" \/>\n<link rel=\"canonical\" href=\"https:\/\/www.weidmann-medical.com\/de\/uber\/zahlen-und-fakten\/\" \/>\n<meta property=\"og:locale\" content=\"de_DE\" \/>\n<meta property=\"og:type\" content=\"article\" \/>\n<meta property=\"og:title\" content=\"Zahlen und Fakten - Weidmann Medical Technology\" \/>\n<meta property=\"og:url\" content=\"https:\/\/www.weidmann-medical.com\/de\/uber\/zahlen-und-fakten\/\" \/>\n<meta property=\"og:site_name\" content=\"Weidmann Medical Technology\" \/>\n<meta property=\"article:modified_time\" content=\"2026-04-02T13:52:05+00:00\" \/>\n<meta property=\"og:image\" content=\"https:\/\/www.weidmann-medical.com\/wp-content\/uploads\/sites\/3\/2025\/04\/JMZ2830-scaled_540x540-whychoose.jpg\" \/>\n<meta name=\"twitter:card\" content=\"summary_large_image\" \/>\n<meta name=\"twitter:label1\" content=\"Est. reading time\" \/>\n\t<meta name=\"twitter:data1\" content=\"2 Minuten\" \/>\n<script type=\"application\/ld+json\" class=\"yoast-schema-graph\">{\"@context\":\"https:\\\/\\\/schema.org\",\"@graph\":[{\"@type\":\"WebPage\",\"@id\":\"https:\\\/\\\/www.weidmann-medical.com\\\/de\\\/uber\\\/zahlen-und-fakten\\\/\",\"url\":\"https:\\\/\\\/www.weidmann-medical.com\\\/de\\\/uber\\\/zahlen-und-fakten\\\/\",\"name\":\"Zahlen und Fakten - Weidmann Medical Technology\",\"isPartOf\":{\"@id\":\"https:\\\/\\\/www.weidmann-medical.com\\\/de\\\/#website\"},\"primaryImageOfPage\":{\"@id\":\"https:\\\/\\\/www.weidmann-medical.com\\\/de\\\/uber\\\/zahlen-und-fakten\\\/#primaryimage\"},\"image\":{\"@id\":\"https:\\\/\\\/www.weidmann-medical.com\\\/de\\\/uber\\\/zahlen-und-fakten\\\/#primaryimage\"},\"thumbnailUrl\":\"https:\\\/\\\/www.weidmann-medical.com\\\/wp-content\\\/uploads\\\/sites\\\/3\\\/2025\\\/04\\\/JMZ2830-scaled_540x540-whychoose.jpg\",\"datePublished\":\"2025-02-23T15:55:24+00:00\",\"dateModified\":\"2026-04-02T13:52:05+00:00\",\"breadcrumb\":{\"@id\":\"https:\\\/\\\/www.weidmann-medical.com\\\/de\\\/uber\\\/zahlen-und-fakten\\\/#breadcrumb\"},\"inLanguage\":\"de-DE\",\"potentialAction\":[{\"@type\":\"ReadAction\",\"target\":[\"https:\\\/\\\/www.weidmann-medical.com\\\/de\\\/uber\\\/zahlen-und-fakten\\\/\"]}]},{\"@type\":\"ImageObject\",\"inLanguage\":\"de-DE\",\"@id\":\"https:\\\/\\\/www.weidmann-medical.com\\\/de\\\/uber\\\/zahlen-und-fakten\\\/#primaryimage\",\"url\":\"https:\\\/\\\/www.weidmann-medical.com\\\/wp-content\\\/uploads\\\/sites\\\/3\\\/2025\\\/04\\\/JMZ2830-scaled_540x540-whychoose.jpg\",\"contentUrl\":\"https:\\\/\\\/www.weidmann-medical.com\\\/wp-content\\\/uploads\\\/sites\\\/3\\\/2025\\\/04\\\/JMZ2830-scaled_540x540-whychoose.jpg\"},{\"@type\":\"BreadcrumbList\",\"@id\":\"https:\\\/\\\/www.weidmann-medical.com\\\/de\\\/uber\\\/zahlen-und-fakten\\\/#breadcrumb\",\"itemListElement\":[{\"@type\":\"ListItem\",\"position\":1,\"name\":\"Home\",\"item\":\"https:\\\/\\\/www.weidmann-medical.com\\\/de\\\/\"},{\"@type\":\"ListItem\",\"position\":2,\"name\":\"\u00dcber uns\",\"item\":\"https:\\\/\\\/www.weidmann-medical.com\\\/de\\\/uber\\\/\"},{\"@type\":\"ListItem\",\"position\":3,\"name\":\"Zahlen und Fakten\"}]},{\"@type\":\"WebSite\",\"@id\":\"https:\\\/\\\/www.weidmann-medical.com\\\/de\\\/#website\",\"url\":\"https:\\\/\\\/www.weidmann-medical.com\\\/de\\\/\",\"name\":\"Weidmann Medical\",\"description\":\"\",\"potentialAction\":[{\"@type\":\"SearchAction\",\"target\":{\"@type\":\"EntryPoint\",\"urlTemplate\":\"https:\\\/\\\/www.weidmann-medical.com\\\/de\\\/?s={search_term_string}\"},\"query-input\":{\"@type\":\"PropertyValueSpecification\",\"valueRequired\":true,\"valueName\":\"search_term_string\"}}],\"inLanguage\":\"de-DE\"}]}<\/script>\n<!-- \/ Yoast SEO plugin. -->","yoast_head_json":{"title":"Zahlen und Fakten - Weidmann Medical Technology","robots":{"index":"index","follow":"follow","max-snippet":"max-snippet:-1","max-image-preview":"max-image-preview:large","max-video-preview":"max-video-preview:-1"},"canonical":"https:\/\/www.weidmann-medical.com\/de\/uber\/zahlen-und-fakten\/","og_locale":"de_DE","og_type":"article","og_title":"Zahlen und Fakten - Weidmann Medical Technology","og_url":"https:\/\/www.weidmann-medical.com\/de\/uber\/zahlen-und-fakten\/","og_site_name":"Weidmann Medical Technology","article_modified_time":"2026-04-02T13:52:05+00:00","og_image":[{"url":"https:\/\/www.weidmann-medical.com\/wp-content\/uploads\/sites\/3\/2025\/04\/JMZ2830-scaled_540x540-whychoose.jpg","type":"","width":"","height":""}],"twitter_card":"summary_large_image","twitter_misc":{"Est. reading time":"2 Minuten"},"schema":{"@context":"https:\/\/schema.org","@graph":[{"@type":"WebPage","@id":"https:\/\/www.weidmann-medical.com\/de\/uber\/zahlen-und-fakten\/","url":"https:\/\/www.weidmann-medical.com\/de\/uber\/zahlen-und-fakten\/","name":"Zahlen und Fakten - Weidmann Medical Technology","isPartOf":{"@id":"https:\/\/www.weidmann-medical.com\/de\/#website"},"primaryImageOfPage":{"@id":"https:\/\/www.weidmann-medical.com\/de\/uber\/zahlen-und-fakten\/#primaryimage"},"image":{"@id":"https:\/\/www.weidmann-medical.com\/de\/uber\/zahlen-und-fakten\/#primaryimage"},"thumbnailUrl":"https:\/\/www.weidmann-medical.com\/wp-content\/uploads\/sites\/3\/2025\/04\/JMZ2830-scaled_540x540-whychoose.jpg","datePublished":"2025-02-23T15:55:24+00:00","dateModified":"2026-04-02T13:52:05+00:00","breadcrumb":{"@id":"https:\/\/www.weidmann-medical.com\/de\/uber\/zahlen-und-fakten\/#breadcrumb"},"inLanguage":"de-DE","potentialAction":[{"@type":"ReadAction","target":["https:\/\/www.weidmann-medical.com\/de\/uber\/zahlen-und-fakten\/"]}]},{"@type":"ImageObject","inLanguage":"de-DE","@id":"https:\/\/www.weidmann-medical.com\/de\/uber\/zahlen-und-fakten\/#primaryimage","url":"https:\/\/www.weidmann-medical.com\/wp-content\/uploads\/sites\/3\/2025\/04\/JMZ2830-scaled_540x540-whychoose.jpg","contentUrl":"https:\/\/www.weidmann-medical.com\/wp-content\/uploads\/sites\/3\/2025\/04\/JMZ2830-scaled_540x540-whychoose.jpg"},{"@type":"BreadcrumbList","@id":"https:\/\/www.weidmann-medical.com\/de\/uber\/zahlen-und-fakten\/#breadcrumb","itemListElement":[{"@type":"ListItem","position":1,"name":"Home","item":"https:\/\/www.weidmann-medical.com\/de\/"},{"@type":"ListItem","position":2,"name":"\u00dcber uns","item":"https:\/\/www.weidmann-medical.com\/de\/uber\/"},{"@type":"ListItem","position":3,"name":"Zahlen und Fakten"}]},{"@type":"WebSite","@id":"https:\/\/www.weidmann-medical.com\/de\/#website","url":"https:\/\/www.weidmann-medical.com\/de\/","name":"Weidmann Medical","description":"","potentialAction":[{"@type":"SearchAction","target":{"@type":"EntryPoint","urlTemplate":"https:\/\/www.weidmann-medical.com\/de\/?s={search_term_string}"},"query-input":{"@type":"PropertyValueSpecification","valueRequired":true,"valueName":"search_term_string"}}],"inLanguage":"de-DE"}]}},"_links":{"self":[{"href":"https:\/\/www.weidmann-medical.com\/de\/wp-json\/wp\/v2\/pages\/1805","targetHints":{"allow":["GET"]}}],"collection":[{"href":"https:\/\/www.weidmann-medical.com\/de\/wp-json\/wp\/v2\/pages"}],"about":[{"href":"https:\/\/www.weidmann-medical.com\/de\/wp-json\/wp\/v2\/types\/page"}],"author":[{"embeddable":true,"href":"https:\/\/www.weidmann-medical.com\/de\/wp-json\/wp\/v2\/users\/7"}],"replies":[{"embeddable":true,"href":"https:\/\/www.weidmann-medical.com\/de\/wp-json\/wp\/v2\/comments?post=1805"}],"version-history":[{"count":5,"href":"https:\/\/www.weidmann-medical.com\/de\/wp-json\/wp\/v2\/pages\/1805\/revisions"}],"predecessor-version":[{"id":4659,"href":"https:\/\/www.weidmann-medical.com\/de\/wp-json\/wp\/v2\/pages\/1805\/revisions\/4659"}],"up":[{"embeddable":true,"href":"https:\/\/www.weidmann-medical.com\/de\/wp-json\/wp\/v2\/pages\/1826"}],"wp:attachment":[{"href":"https:\/\/www.weidmann-medical.com\/de\/wp-json\/wp\/v2\/media?parent=1805"}],"curies":[{"name":"wp","href":"https:\/\/api.w.org\/{rel}","templated":true}]}}